

{"id":18560,"date":"2016-01-26T16:25:37","date_gmt":"2016-01-26T14:25:37","guid":{"rendered":"http:\/\/www.xcelsiorselection.com\/product\/mago-broom-2\/"},"modified":"2016-01-26T18:19:36","modified_gmt":"2016-01-26T16:19:36","slug":"mago-broom","status":"publish","type":"product","link":"https:\/\/www.xcelsiorselection.com\/lv\/product\/mago-broom\/","title":{"rendered":"Slota Mago"},"content":{"rendered":"<p>Mago slota nepaliks nepaman\u012bta, t\u0101s dizains un kr\u0101su kombin\u0101cijas apvieno lietder\u012bgo ar est\u0113tisko. Slotas dizainu rad\u012bjis Stefano Giovannoni, 1998.gad\u0101, t\u0101 veidota no polipropil\u0113na, bet slotas sari no poliestera, kas nodro\u0161ina ilgu lieto\u0161anas laiku.<br \/>\nIesp\u0113jams pas\u016bt\u012bt pieska\u0146otu sienas \u0101\u0137i, lai slotas uzglab\u0101\u0161anu padar\u012btu \u0113rt\u0101ku.<\/p>\n","protected":false},"excerpt":{"rendered":"<p><a href=\"http:\/\/www.xcelsiorselection.com\/wp-content\/uploads\/2016\/01\/magis.jpg\"><img loading=\"lazy\" decoding=\"async\" class=\"alignnone  wp-image-18510\" alt=\"magis\" src=\"http:\/\/www.xcelsiorselection.com\/wp-content\/uploads\/2016\/01\/magis-600x600.jpg\" width=\"116\" height=\"116\" srcset=\"https:\/\/www.xcelsiorselection.com\/wp-content\/uploads\/2016\/01\/magis-600x600.jpg 600w, https:\/\/www.xcelsiorselection.com\/wp-content\/uploads\/2016\/01\/magis-300x300.jpg 300w, https:\/\/www.xcelsiorselection.com\/wp-content\/uploads\/2016\/01\/magis-100x100.jpg 100w, https:\/\/www.xcelsiorselection.com\/wp-content\/uploads\/2016\/01\/magis.jpg 1040w\" sizes=\"(max-width: 116px) 100vw, 116px\" \/><\/a><\/p>\n<p>Ra\u017eot\u0101js: Magis<br \/>\nDizains: Stefano Giovannoni, 1998<br \/>\nMateri\u0101ls: polipropil\u0113ns<br \/>\nIzm\u0113rs: 35 x 142 x 7 cm<\/p>\n","protected":false},"featured_media":18519,"comment_status":"closed","ping_status":"closed","template":"","meta":[],"_links":{"self":[{"href":"https:\/\/www.xcelsiorselection.com\/lv\/wp-json\/wp\/v2\/product\/18560\/"}],"collection":[{"href":"https:\/\/www.xcelsiorselection.com\/lv\/wp-json\/wp\/v2\/product\/"}],"about":[{"href":"https:\/\/www.xcelsiorselection.com\/lv\/wp-json\/wp\/v2\/types\/product\/"}],"replies":[{"embeddable":true,"href":"https:\/\/www.xcelsiorselection.com\/lv\/wp-json\/wp\/v2\/comments\/?post=18560"}],"wp:featuredmedia":[{"embeddable":true,"href":"https:\/\/www.xcelsiorselection.com\/lv\/wp-json\/wp\/v2\/media\/18519\/"}],"wp:attachment":[{"href":"https:\/\/www.xcelsiorselection.com\/lv\/wp-json\/wp\/v2\/media\/?parent=18560"}],"curies":[{"name":"wp","href":"https:\/\/api.w.org\/{rel}","templated":true}]}}