

{"id":1895,"date":"2014-06-17T15:38:27","date_gmt":"2014-06-17T13:38:27","guid":{"rendered":"http:\/\/www.xcelsiorselection.com\/product\/quaxoon-high-chair-2\/"},"modified":"2015-04-16T11:33:20","modified_gmt":"2015-04-16T09:33:20","slug":"quaxoon-high-chair","status":"publish","type":"product","link":"https:\/\/www.xcelsiorselection.com\/lv\/product\/quaxoon-high-chair\/","title":{"rendered":"B\u0113rnu baro\u0161anas kr\u0113sls &#8211; Quaxoon"},"content":{"rendered":"<p>Quax pasaul\u0113 stils un dizains tiek apvienots ar m\u0101j\u012bguma saj\u016btu un maigumu. Quax m\u0113beles raksturo kvalit\u0101te un pieejama cena, t\u0101s rada pat\u012bkamu un skaistu vidi b\u0113rniem, kur\u0101 gribas uztur\u0113ties ilg\u0101k. Izmantotie audumi ir m\u012bksti un pat\u012bkami taustei.<br \/>\nGan m\u0113beles, gan rota\u013clietas rad\u012btas sader\u012bg\u0101s kr\u0101s\u0101s, atliek vien izv\u0113l\u0113ties m\u012b\u013c\u0101ko kolekciju!<br \/>\nQuaxoon baro\u0161anas kr\u0113sls paredz\u0113ts b\u0113rniem no 36 m\u0113ne\u0161u vecuma.<br \/>\nKomplekt\u0101 iek\u013cauts kr\u0113sla spilventi\u0146\u0161 pel\u0113ki-br\u016bn\u0101 kr\u0101s\u0101.<\/p>\n","protected":false},"excerpt":{"rendered":"<p>Dizains: Quax.<br \/>\nIzm\u0113rs: 38*42*87H cm. Svars: 4,60 kg.<br \/>\nKr\u0101sa: Provence (b\u016bna).<br \/>\nMateri\u0101ls: alum\u012bnijs\/ rotangpalma PE.<\/p>\n","protected":false},"featured_media":2847,"comment_status":"closed","ping_status":"closed","template":"","meta":[],"_links":{"self":[{"href":"https:\/\/www.xcelsiorselection.com\/lv\/wp-json\/wp\/v2\/product\/1895\/"}],"collection":[{"href":"https:\/\/www.xcelsiorselection.com\/lv\/wp-json\/wp\/v2\/product\/"}],"about":[{"href":"https:\/\/www.xcelsiorselection.com\/lv\/wp-json\/wp\/v2\/types\/product\/"}],"replies":[{"embeddable":true,"href":"https:\/\/www.xcelsiorselection.com\/lv\/wp-json\/wp\/v2\/comments\/?post=1895"}],"wp:featuredmedia":[{"embeddable":true,"href":"https:\/\/www.xcelsiorselection.com\/lv\/wp-json\/wp\/v2\/media\/2847\/"}],"wp:attachment":[{"href":"https:\/\/www.xcelsiorselection.com\/lv\/wp-json\/wp\/v2\/media\/?parent=1895"}],"curies":[{"name":"wp","href":"https:\/\/api.w.org\/{rel}","templated":true}]}}