

{"id":19105,"date":"2016-02-09T12:27:50","date_gmt":"2016-02-09T10:27:50","guid":{"rendered":"http:\/\/www.xcelsiorselection.com\/product\/wooden-hand-2\/"},"modified":"2016-02-09T12:53:47","modified_gmt":"2016-02-09T10:53:47","slug":"wooden-hand","status":"publish","type":"product","link":"https:\/\/www.xcelsiorselection.com\/lv\/product\/wooden-hand\/","title":{"rendered":"Koka roka"},"content":{"rendered":"<p>Pal\u012bgs z\u012bm\u0113\u0161an\u0101, vai vienk\u0101r\u0161i dekor\u0101cija? Koka roka ir popul\u0101rs interjera priek\u0161mets, kam var atrast da\u017e\u0101dus pielietojumus. HAY koka roka apvieno m\u0101kslas v\u0113sturi, autentisku amatniec\u012bbu un ilgas p\u0113c aizg\u0101ju\u0161ajiem laikiem.<\/p>\n","protected":false},"excerpt":{"rendered":"<p><img loading=\"lazy\" decoding=\"async\" alt=\"Hay logo new\" src=\"http:\/\/www.xcelsiorselection.com\/wp-content\/uploads\/2016\/02\/Hay-logo-new1.jpg\" width=\"138\" height=\"53\" \/><\/p>\n<p>Ra\u017eot\u0101js: HAY<br \/>\nMateri\u0101ls: koks<br \/>\nPieejama tr\u012bs izm\u0113ros:<br \/>\nMazs (S): 6 x H 13.5 cm<br \/>\nVid\u0113js (M): 8 x H: 18 cm<br \/>\nLiels (L): 9.6 x H: 22 cm<\/p>\n","protected":false},"featured_media":19097,"comment_status":"closed","ping_status":"closed","template":"","meta":[],"_links":{"self":[{"href":"https:\/\/www.xcelsiorselection.com\/lv\/wp-json\/wp\/v2\/product\/19105\/"}],"collection":[{"href":"https:\/\/www.xcelsiorselection.com\/lv\/wp-json\/wp\/v2\/product\/"}],"about":[{"href":"https:\/\/www.xcelsiorselection.com\/lv\/wp-json\/wp\/v2\/types\/product\/"}],"replies":[{"embeddable":true,"href":"https:\/\/www.xcelsiorselection.com\/lv\/wp-json\/wp\/v2\/comments\/?post=19105"}],"wp:featuredmedia":[{"embeddable":true,"href":"https:\/\/www.xcelsiorselection.com\/lv\/wp-json\/wp\/v2\/media\/19097\/"}],"wp:attachment":[{"href":"https:\/\/www.xcelsiorselection.com\/lv\/wp-json\/wp\/v2\/media\/?parent=19105"}],"curies":[{"name":"wp","href":"https:\/\/api.w.org\/{rel}","templated":true}]}}