

{"id":19146,"date":"2016-02-09T16:33:22","date_gmt":"2016-02-09T14:33:22","guid":{"rendered":"http:\/\/www.xcelsiorselection.com\/product\/ndebele-cardboard-house-2\/"},"modified":"2016-02-09T16:45:43","modified_gmt":"2016-02-09T14:45:43","slug":"ndebele-cardboard-house","status":"publish","type":"product","link":"https:\/\/www.xcelsiorselection.com\/lv\/product\/ndebele-cardboard-house\/","title":{"rendered":"NDEBELE kartona m\u0101ja"},"content":{"rendered":"<p><em>NDEBELE <\/em>ir kr\u0101sains kartona nami\u0146\u0161, ko pied\u0101v\u0101 z\u012bmols Driade Kosmo.<br \/>\n\u0160\u012b ko\u0161\u0101 m\u0101ja b\u016bs lielisks b\u0113rnu sabiedrotais ikdienas rota\u013c\u0101m un fant\u0101zijas pasaulei.<br \/>\nKartona m\u0101ja ir salok\u0101ma, izjaucama un atkal saliekama, ar ilgas lieto\u0161anas iztur\u012bbu.<em><\/em><\/p>\n","protected":false},"excerpt":{"rendered":"<p>Ra\u017eot\u0101js: Driade Kosmo<br \/>\nDizainers: Vittorio Locatelli<br \/>\nMateri\u0101ls: kartons<br \/>\nIzm\u0113rs: 159 x 92 x 90 cm<\/p>\n","protected":false},"featured_media":19141,"comment_status":"closed","ping_status":"closed","template":"","meta":[],"_links":{"self":[{"href":"https:\/\/www.xcelsiorselection.com\/lv\/wp-json\/wp\/v2\/product\/19146\/"}],"collection":[{"href":"https:\/\/www.xcelsiorselection.com\/lv\/wp-json\/wp\/v2\/product\/"}],"about":[{"href":"https:\/\/www.xcelsiorselection.com\/lv\/wp-json\/wp\/v2\/types\/product\/"}],"replies":[{"embeddable":true,"href":"https:\/\/www.xcelsiorselection.com\/lv\/wp-json\/wp\/v2\/comments\/?post=19146"}],"wp:featuredmedia":[{"embeddable":true,"href":"https:\/\/www.xcelsiorselection.com\/lv\/wp-json\/wp\/v2\/media\/19141\/"}],"wp:attachment":[{"href":"https:\/\/www.xcelsiorselection.com\/lv\/wp-json\/wp\/v2\/media\/?parent=19146"}],"curies":[{"name":"wp","href":"https:\/\/api.w.org\/{rel}","templated":true}]}}