

{"id":19247,"date":"2016-02-10T18:39:07","date_gmt":"2016-02-10T16:39:07","guid":{"rendered":"http:\/\/www.xcelsiorselection.com\/product\/night-clock-2\/"},"modified":"2016-02-11T12:49:30","modified_gmt":"2016-02-11T10:49:30","slug":"night-clock","status":"publish","type":"product","link":"https:\/\/www.xcelsiorselection.com\/lv\/product\/night-clock\/","title":{"rendered":"Galda pulkstenis &#8211; Nakts"},"content":{"rendered":"<p>Amerik\u0101\u0146u dz\u012bves uztvere 1950. gados tika balst\u012bta uz tic\u012bbu progresam un augo\u0161ajam labkl\u0101j\u012bbas l\u012bmenim. Viss \u0161\u0137ita iesp\u0113jams un pasaule k\u013cuva &#8220;moderna&#8221;. Ar m\u0113r\u0137i, ieviest modernus priek\u0161metus Amerikas m\u0101jok\u013cos, dizaineris D\u017eord\u017es Nelsons rad\u012bja da\u017e\u0101dus priek\u0161metus ikdienai &#8211;\u00a0 lampas, pulkste\u0146us &#8211; k\u0101 ar\u012b citus interjera aksesu\u0101rus. Daudzi no vi\u0146a rad\u012btajiem priek\u0161metiem nu jau k\u013cuvu\u0161i par dizaina ikon\u0101m.<br \/>\nGalda pulkste\u0146u kolekcija pieejama da\u017e\u0101dos izm\u0113ros un materi\u0101los. Tie veidoti no augstas kvalit\u0101tes materi\u0101liem, lai papildus praktiskajam, pie\u0161\u0137irtu \u012bpa\u0161u noska\u0146u interjer\u0101.<\/p>\n","protected":false},"excerpt":{"rendered":"<p><a href=\"http:\/\/www.xcelsiorselection.com\/wp-content\/uploads\/2016\/02\/vitra.jpg\"><img loading=\"lazy\" decoding=\"async\" class=\"alignnone  wp-image-19239\" alt=\"vitra\" src=\"http:\/\/www.xcelsiorselection.com\/wp-content\/uploads\/2016\/02\/vitra.jpg\" width=\"133\" height=\"43\" srcset=\"https:\/\/www.xcelsiorselection.com\/wp-content\/uploads\/2016\/02\/vitra.jpg 1045w, https:\/\/www.xcelsiorselection.com\/wp-content\/uploads\/2016\/02\/vitra-600x196.jpg 600w\" sizes=\"(max-width: 133px) 100vw, 133px\" \/><\/a><\/p>\n<p>Ra\u017eot\u0101js: Vitra<br \/>\nDizaineris: George Nelson<br \/>\nMateri\u0101ls: misi\u0146\u0161, akrila stikls<br \/>\nIzm\u0113rs: 15 x 10,5 x 10 cm<\/p>\n","protected":false},"featured_media":19245,"comment_status":"closed","ping_status":"closed","template":"","meta":[],"_links":{"self":[{"href":"https:\/\/www.xcelsiorselection.com\/lv\/wp-json\/wp\/v2\/product\/19247\/"}],"collection":[{"href":"https:\/\/www.xcelsiorselection.com\/lv\/wp-json\/wp\/v2\/product\/"}],"about":[{"href":"https:\/\/www.xcelsiorselection.com\/lv\/wp-json\/wp\/v2\/types\/product\/"}],"replies":[{"embeddable":true,"href":"https:\/\/www.xcelsiorselection.com\/lv\/wp-json\/wp\/v2\/comments\/?post=19247"}],"wp:featuredmedia":[{"embeddable":true,"href":"https:\/\/www.xcelsiorselection.com\/lv\/wp-json\/wp\/v2\/media\/19245\/"}],"wp:attachment":[{"href":"https:\/\/www.xcelsiorselection.com\/lv\/wp-json\/wp\/v2\/media\/?parent=19247"}],"curies":[{"name":"wp","href":"https:\/\/api.w.org\/{rel}","templated":true}]}}