

{"id":19415,"date":"2016-02-15T13:28:00","date_gmt":"2016-02-15T11:28:00","guid":{"rendered":"http:\/\/www.xcelsiorselection.com\/product\/happy-bird-2\/"},"modified":"2016-02-15T13:44:15","modified_gmt":"2016-02-15T11:44:15","slug":"happy-bird","status":"publish","type":"product","link":"https:\/\/www.xcelsiorselection.com\/lv\/product\/happy-bird\/","title":{"rendered":"Laim\u012bgais putns"},"content":{"rendered":"<div id=\"stcpDiv\">Laim\u012bgais putns no Maigs ir liela izm\u0113ra stiliz\u0113ts putns, kas pieejams balt\u0101, oran\u017e\u0101 vai dzelten\u0101 kr\u0101s\u0101. Jaun\u0101kais produkts <em>Me Too<\/em> l\u012bnij\u0101 tapis, iedvesmojoties no anim\u0101cijas filmu varo\u0146iem, to raksturo b\u0113rna izt\u0113le un rota\u013c\u012bgums. \u0160is putns patiks ne tikai b\u0113rniem, tas sp\u0113j aizraut ar\u012b pieaugu\u0161os!<\/div>\n","protected":false},"excerpt":{"rendered":"<p><img loading=\"lazy\" decoding=\"async\" alt=\"magis\" src=\"http:\/\/www.xcelsiorselection.com\/wp-content\/uploads\/2016\/01\/magis-600x600.jpg\" width=\"116\" height=\"116\" \/><\/p>\n<p>Ra\u017eot\u0101js: Magis<br \/>\nDizains: Eero Aarnio, 2015<br \/>\nMateri\u0101ls: polietil\u0113ns, bl\u012bvs osis<br \/>\nKr\u0101sa: dzeltena, balta, oran\u017ea<br \/>\nIzm\u0113rs: 57 x 66.5 x 70 cm<\/p>\n","protected":false},"featured_media":19397,"comment_status":"closed","ping_status":"closed","template":"","meta":[],"_links":{"self":[{"href":"https:\/\/www.xcelsiorselection.com\/lv\/wp-json\/wp\/v2\/product\/19415\/"}],"collection":[{"href":"https:\/\/www.xcelsiorselection.com\/lv\/wp-json\/wp\/v2\/product\/"}],"about":[{"href":"https:\/\/www.xcelsiorselection.com\/lv\/wp-json\/wp\/v2\/types\/product\/"}],"replies":[{"embeddable":true,"href":"https:\/\/www.xcelsiorselection.com\/lv\/wp-json\/wp\/v2\/comments\/?post=19415"}],"wp:featuredmedia":[{"embeddable":true,"href":"https:\/\/www.xcelsiorselection.com\/lv\/wp-json\/wp\/v2\/media\/19397\/"}],"wp:attachment":[{"href":"https:\/\/www.xcelsiorselection.com\/lv\/wp-json\/wp\/v2\/media\/?parent=19415"}],"curies":[{"name":"wp","href":"https:\/\/api.w.org\/{rel}","templated":true}]}}