

{"id":19455,"date":"2016-02-15T16:11:28","date_gmt":"2016-02-15T14:11:28","guid":{"rendered":"http:\/\/www.xcelsiorselection.com\/product\/loiseau-3\/"},"modified":"2016-02-15T16:33:59","modified_gmt":"2016-02-15T14:33:59","slug":"loiseau-2","status":"publish","type":"product","link":"https:\/\/www.xcelsiorselection.com\/lv\/product\/loiseau-2\/","title":{"rendered":"L&#8217;Oiseau"},"content":{"rendered":"<p>Dabas mot\u012bvi sp\u0113l\u0113 \u013coti svar\u012bgu lomu interjera dekor\u0101cij\u0101s, s\u0101kot jau no pirmajiem zin\u0101majiem piem\u0113riem v\u0113stur\u0113, un t\u0101pat tas atspogu\u013cojas ar\u012b Erwan un Ronan Bouroullec darbos. Izsl\u012bp\u0113ts no dab\u012bgas k\u013cavas, koka putns L&#8217;Oiseau atg\u0101dina par t\u012braj\u0101m un vienk\u0101r\u0161aj\u0101m koka form\u0101m zieme\u013cu folklor\u0101. L&#8217;Oiseau pie\u0161\u0137irts modernu akcentu interjeros, bet taj\u0101 pa\u0161\u0101 laik\u0101 neb\u016bs p\u0101r\u0101k uzb\u0101z\u012bgs, k\u0101di da\u017ek\u0101rt m\u0113dz b\u016bt citi dz\u012bvnieku formas aksesu\u0101ri.<\/p>\n","protected":false},"excerpt":{"rendered":"<p><img loading=\"lazy\" decoding=\"async\" alt=\"vitra\" src=\"http:\/\/www.xcelsiorselection.com\/wp-content\/uploads\/2016\/02\/vitra.jpg\" width=\"133\" height=\"43\" \/><\/p>\n<p>Ra\u017eot\u0101js: Vitra<br \/>\nDizainers: Ronan &amp; Erwan Bouroullec, 2011<br \/>\nMateri\u0101ls: k\u013cava<br \/>\nIzm\u0113rs: 24,5 x 6 x 15 cm<\/p>\n","protected":false},"featured_media":19450,"comment_status":"closed","ping_status":"closed","template":"","meta":[],"_links":{"self":[{"href":"https:\/\/www.xcelsiorselection.com\/lv\/wp-json\/wp\/v2\/product\/19455\/"}],"collection":[{"href":"https:\/\/www.xcelsiorselection.com\/lv\/wp-json\/wp\/v2\/product\/"}],"about":[{"href":"https:\/\/www.xcelsiorselection.com\/lv\/wp-json\/wp\/v2\/types\/product\/"}],"replies":[{"embeddable":true,"href":"https:\/\/www.xcelsiorselection.com\/lv\/wp-json\/wp\/v2\/comments\/?post=19455"}],"wp:featuredmedia":[{"embeddable":true,"href":"https:\/\/www.xcelsiorselection.com\/lv\/wp-json\/wp\/v2\/media\/19450\/"}],"wp:attachment":[{"href":"https:\/\/www.xcelsiorselection.com\/lv\/wp-json\/wp\/v2\/media\/?parent=19455"}],"curies":[{"name":"wp","href":"https:\/\/api.w.org\/{rel}","templated":true}]}}