

{"id":1964,"date":"2014-06-25T20:21:42","date_gmt":"2014-06-25T18:21:42","guid":{"rendered":"http:\/\/www.xcelsiorselection.com\/product\/paradise-tree-coat-stand-2\/"},"modified":"2014-08-23T13:05:26","modified_gmt":"2014-08-23T11:05:26","slug":"paradise-tree-coat-stand","status":"publish","type":"product","link":"https:\/\/www.xcelsiorselection.com\/lv\/product\/paradise-tree-coat-stand\/","title":{"rendered":"Paradise Tree dr\u0113bju pakaramais"},"content":{"rendered":"","protected":false},"excerpt":{"rendered":"<p>Coat stand Paradise Tree.<br \/>\nDizains: Oiva Toikka.<br \/>\nIzm\u0113rs: \u00d8 55 cm h 189 cm.<br \/>\nRa\u017eo\u0161anas gads: 2009.<br \/>\nMateri\u0101ls: polietil\u0113ns, t\u0113rauds.<\/p>\n","protected":false},"featured_media":0,"comment_status":"closed","ping_status":"closed","template":"","meta":[],"_links":{"self":[{"href":"https:\/\/www.xcelsiorselection.com\/lv\/wp-json\/wp\/v2\/product\/1964\/"}],"collection":[{"href":"https:\/\/www.xcelsiorselection.com\/lv\/wp-json\/wp\/v2\/product\/"}],"about":[{"href":"https:\/\/www.xcelsiorselection.com\/lv\/wp-json\/wp\/v2\/types\/product\/"}],"replies":[{"embeddable":true,"href":"https:\/\/www.xcelsiorselection.com\/lv\/wp-json\/wp\/v2\/comments\/?post=1964"}],"wp:attachment":[{"href":"https:\/\/www.xcelsiorselection.com\/lv\/wp-json\/wp\/v2\/media\/?parent=1964"}],"curies":[{"name":"wp","href":"https:\/\/api.w.org\/{rel}","templated":true}]}}