

{"id":1997,"date":"2014-06-25T20:52:09","date_gmt":"2014-06-25T18:52:09","guid":{"rendered":"http:\/\/www.xcelsiorselection.com\/product\/alma-childrens-chair-2\/"},"modified":"2014-08-23T12:33:55","modified_gmt":"2014-08-23T10:33:55","slug":"alma-childrens-chair","status":"publish","type":"product","link":"https:\/\/www.xcelsiorselection.com\/lv\/product\/alma-childrens-chair\/","title":{"rendered":"Alma B\u0113rnu kr\u0113sls"},"content":{"rendered":"","protected":false},"excerpt":{"rendered":"<p>B\u0113rnu kr\u0113sls.<br \/>\nDizains: Javier Miriscal.<br \/>\nRa\u017eo\u0161anas gads: 2006.<br \/>\nMateri\u0101ls: polipropil\u0113ns.<br \/>\nIzm\u0113rs: 58x39x40 cm.<br \/>\nIr izmantojams \u0101rtelp\u0101s.<br \/>\nKr\u0101sas: balta, dzeltena, za\u013ca, br\u016bna.<\/p>\n","protected":false},"featured_media":2825,"comment_status":"closed","ping_status":"closed","template":"","meta":[],"_links":{"self":[{"href":"https:\/\/www.xcelsiorselection.com\/lv\/wp-json\/wp\/v2\/product\/1997\/"}],"collection":[{"href":"https:\/\/www.xcelsiorselection.com\/lv\/wp-json\/wp\/v2\/product\/"}],"about":[{"href":"https:\/\/www.xcelsiorselection.com\/lv\/wp-json\/wp\/v2\/types\/product\/"}],"replies":[{"embeddable":true,"href":"https:\/\/www.xcelsiorselection.com\/lv\/wp-json\/wp\/v2\/comments\/?post=1997"}],"wp:featuredmedia":[{"embeddable":true,"href":"https:\/\/www.xcelsiorselection.com\/lv\/wp-json\/wp\/v2\/media\/2825\/"}],"wp:attachment":[{"href":"https:\/\/www.xcelsiorselection.com\/lv\/wp-json\/wp\/v2\/media\/?parent=1997"}],"curies":[{"name":"wp","href":"https:\/\/api.w.org\/{rel}","templated":true}]}}