

{"id":20036,"date":"2016-03-03T14:43:28","date_gmt":"2016-03-03T12:43:28","guid":{"rendered":"http:\/\/www.xcelsiorselection.com\/product\/phi-scissors-2\/"},"modified":"2016-03-03T15:26:11","modified_gmt":"2016-03-03T13:26:11","slug":"phi-scissors","status":"publish","type":"product","link":"https:\/\/www.xcelsiorselection.com\/lv\/product\/phi-scissors\/","title":{"rendered":"\u0160\u0137\u0113res PHI"},"content":{"rendered":"<p>\u0160is elegantais, apzelt\u012bto \u0161\u0137\u0113ru, p\u0101ris no HAY, ne tikai izskat\u012bsies lieliski tav\u0101 ofis\u0101 vai virtuv\u0113, bet ar\u012b izcili pild\u012bs savu izdevumu! \u0160\u0137\u0113res pieejamas divos izm\u0113ros.<\/p>\n","protected":false},"excerpt":{"rendered":"<p><img loading=\"lazy\" decoding=\"async\" alt=\"Hay logo new\" src=\"http:\/\/www.xcelsiorselection.com\/wp-content\/uploads\/2016\/02\/Hay-logo-new1.jpg\" width=\"138\" height=\"53\" \/><\/p>\n<p>Ra\u017eot\u0101js: HAY<br \/>\nMateri\u0101ls: oglek\u013ca \u0161\u0137iedra, apzelt\u012bts<br \/>\nIzm\u0113rs: (S) 19 cm vai (L) 23 cm<br \/>\nKr\u0101sa: zelta<\/p>\n","protected":false},"featured_media":20023,"comment_status":"closed","ping_status":"closed","template":"","meta":[],"_links":{"self":[{"href":"https:\/\/www.xcelsiorselection.com\/lv\/wp-json\/wp\/v2\/product\/20036\/"}],"collection":[{"href":"https:\/\/www.xcelsiorselection.com\/lv\/wp-json\/wp\/v2\/product\/"}],"about":[{"href":"https:\/\/www.xcelsiorselection.com\/lv\/wp-json\/wp\/v2\/types\/product\/"}],"replies":[{"embeddable":true,"href":"https:\/\/www.xcelsiorselection.com\/lv\/wp-json\/wp\/v2\/comments\/?post=20036"}],"wp:featuredmedia":[{"embeddable":true,"href":"https:\/\/www.xcelsiorselection.com\/lv\/wp-json\/wp\/v2\/media\/20023\/"}],"wp:attachment":[{"href":"https:\/\/www.xcelsiorselection.com\/lv\/wp-json\/wp\/v2\/media\/?parent=20036"}],"curies":[{"name":"wp","href":"https:\/\/api.w.org\/{rel}","templated":true}]}}