

{"id":20101,"date":"2016-03-03T16:39:34","date_gmt":"2016-03-03T14:39:34","guid":{"rendered":"http:\/\/www.xcelsiorselection.com\/product\/battery-lamp-2\/"},"modified":"2016-03-03T16:56:29","modified_gmt":"2016-03-03T14:56:29","slug":"battery-lamp","status":"publish","type":"product","link":"https:\/\/www.xcelsiorselection.com\/lv\/product\/battery-lamp\/","title":{"rendered":"Lampa &#8211; Baterija"},"content":{"rendered":"<div dir=\"ltr\">Baterija ir maza, burv\u012bga lampa no caursp\u012bd\u012bga PMMA. T\u0101s inov\u0101cija sl\u0113pjas fakt\u0101, ka to<br \/>\nvar uzl\u0101d\u0113t, izmantojot USB kabeli, nodro\u0161inot baterijas ilgumu l\u012bdz 6 stund\u0101m. Tas padara lampu viegli p\u0101rvietojamu: ide\u0101li piem\u0113rota lieto\u0161anai kafejn\u012bc\u0101, restor\u0101n\u0101 un iek\u0161pagalmos. Lampai ir caursp\u012bd\u012bgs, sl\u012bp\u0113tas virsmas segums, kas rada aizraujo\u0161as gaismas sp\u0113les, atliek vien izv\u0113l\u0113ties kr\u0101su!<\/div>\n","protected":false},"excerpt":{"rendered":"<p><img loading=\"lazy\" decoding=\"async\" alt=\"kartell\" src=\"http:\/\/www.xcelsiorselection.com\/wp-content\/uploads\/2015\/05\/kartell.jpg\" width=\"135\" height=\"41\" \/><\/p>\n<p>Ra\u017eot\u0101js: \u00a0Kartell<br \/>\nDizains: Ferruccio Laviani, 2015<br \/>\nMateri\u0101ls: kr\u0101sots PMMA<br \/>\nIzm\u0113rs: 13 x 22 x 13 cm<br \/>\nKr\u0101sa: caursp\u012bd\u012bga, dzintara, pl\u016bmju, za\u013ca, zila, pelnu pel\u0113ka<br \/>\nIP 54, LED spuldze komplekt\u0101<\/p>\n","protected":false},"featured_media":44086,"comment_status":"closed","ping_status":"closed","template":"","meta":[],"_links":{"self":[{"href":"https:\/\/www.xcelsiorselection.com\/lv\/wp-json\/wp\/v2\/product\/20101\/"}],"collection":[{"href":"https:\/\/www.xcelsiorselection.com\/lv\/wp-json\/wp\/v2\/product\/"}],"about":[{"href":"https:\/\/www.xcelsiorselection.com\/lv\/wp-json\/wp\/v2\/types\/product\/"}],"replies":[{"embeddable":true,"href":"https:\/\/www.xcelsiorselection.com\/lv\/wp-json\/wp\/v2\/comments\/?post=20101"}],"wp:featuredmedia":[{"embeddable":true,"href":"https:\/\/www.xcelsiorselection.com\/lv\/wp-json\/wp\/v2\/media\/44086\/"}],"wp:attachment":[{"href":"https:\/\/www.xcelsiorselection.com\/lv\/wp-json\/wp\/v2\/media\/?parent=20101"}],"curies":[{"name":"wp","href":"https:\/\/api.w.org\/{rel}","templated":true}]}}