

{"id":20596,"date":"2016-03-11T13:04:52","date_gmt":"2016-03-11T11:04:52","guid":{"rendered":"http:\/\/www.xcelsiorselection.com\/product\/still-chair-2\/"},"modified":"2016-03-11T13:16:16","modified_gmt":"2016-03-11T11:16:16","slug":"still-chair","status":"publish","type":"product","link":"https:\/\/www.xcelsiorselection.com\/lv\/product\/still-chair\/","title":{"rendered":"Still kr\u0113sls"},"content":{"rendered":"<p>Still kr\u0113slu rad\u012bjis dizainers Marcel Wanders sadarb\u012bb\u0101 ar It\u0101\u013cu komp\u0101niju Magis. Kr\u0113sls tiek ra\u017eots ar t\u0101du pa\u0161u tehnolo\u0123iju, k\u0101 tiek piep\u016bstas plastmasas pudeles, padarot to gais\u012bgu un vieglu. Kr\u0113sla k\u0101jas iesp\u0113jams uzskr\u016bv\u0113t, k\u0101 pudeles kor\u0137i, kas t\u0101 p\u0101rvad\u0101\u0161anu padara kompaktu, savuk\u0101rt mont\u0113\u0161anu &#8211; vieglu. Kr\u0113sls piem\u0113rots ar\u012b lieto\u0161anai \u0101rpus telp\u0101m.<\/p>\n","protected":false},"excerpt":{"rendered":"<p><img loading=\"lazy\" decoding=\"async\" alt=\"magis\" src=\"http:\/\/www.xcelsiorselection.com\/wp-content\/uploads\/2016\/01\/magis-600x600.jpg\" width=\"116\" height=\"116\" \/><\/p>\n<p>Ra\u017eot\u0101js: Magis<br \/>\nMateri\u0101ls: polietil\u0113ns<br \/>\nKr\u0101sa: zila, sarkana, balta<br \/>\nIzm\u0113rs: 40 x 77 x 49 cm<br \/>\nPiem\u0113rots lieto\u0161anai \u0101rpus telp\u0101m<\/p>\n","protected":false},"featured_media":20578,"comment_status":"closed","ping_status":"closed","template":"","meta":[],"_links":{"self":[{"href":"https:\/\/www.xcelsiorselection.com\/lv\/wp-json\/wp\/v2\/product\/20596\/"}],"collection":[{"href":"https:\/\/www.xcelsiorselection.com\/lv\/wp-json\/wp\/v2\/product\/"}],"about":[{"href":"https:\/\/www.xcelsiorselection.com\/lv\/wp-json\/wp\/v2\/types\/product\/"}],"replies":[{"embeddable":true,"href":"https:\/\/www.xcelsiorselection.com\/lv\/wp-json\/wp\/v2\/comments\/?post=20596"}],"wp:featuredmedia":[{"embeddable":true,"href":"https:\/\/www.xcelsiorselection.com\/lv\/wp-json\/wp\/v2\/media\/20578\/"}],"wp:attachment":[{"href":"https:\/\/www.xcelsiorselection.com\/lv\/wp-json\/wp\/v2\/media\/?parent=20596"}],"curies":[{"name":"wp","href":"https:\/\/api.w.org\/{rel}","templated":true}]}}