

{"id":20634,"date":"2016-03-11T13:52:39","date_gmt":"2016-03-11T11:52:39","guid":{"rendered":"http:\/\/www.xcelsiorselection.com\/product\/spun-rotating-chair-2\/"},"modified":"2016-03-11T14:02:28","modified_gmt":"2016-03-11T12:02:28","slug":"spun-rotating-chair","status":"publish","type":"product","link":"https:\/\/www.xcelsiorselection.com\/lv\/product\/spun-rotating-chair\/","title":{"rendered":"rot\u0113jo\u0161s kr\u0113sls Spun"},"content":{"rendered":"<p>Aizraujo\u0161ais un vilci\u0146a rota\u013clietas dizain\u0101 rad\u012btais kr\u0113sls <em>Spun<\/em>, vair\u0101k atg\u0101dina skulpt\u016bru, ne kr\u0113slu, bet kad tas nosliecas uz s\u0101niem, kr\u0113sls veido \u0113rtu, funkcion\u0101lu s\u0113dvietu, kas \u013cauj \u0161\u016bpoties un rot\u0113t no viena s\u0101na uz otru, vai ar\u012b pa apli! T\u0101 k\u0101 <em>Spun<\/em> ir piem\u0113rots lieto\u0161anai \u0101rpus telp\u0101m, tad tas b\u016bs ide\u0101ls pie baseina vai teras\u0113, k\u0101 ar\u012b vienm\u0113r rad\u012bs jautr\u012bbu ar\u012b iek\u0161telp\u0101s &#8211; \u0123imenes vai b\u0113rnu istab\u0101s.<\/p>\n","protected":false},"excerpt":{"rendered":"<p><img loading=\"lazy\" decoding=\"async\" alt=\"magis\" src=\"http:\/\/www.xcelsiorselection.com\/wp-content\/uploads\/2016\/01\/magis-600x600.jpg\" width=\"116\" height=\"116\" \/><\/p>\n<p>Ra\u017eot\u0101js: Magis<br \/>\nDizains: Thomas Heatherwick<br \/>\nMateri\u0101ls: polietil\u0113ns<br \/>\nKr\u0101sa: zila, tum\u0161i violeta, antrac\u012bta pel\u0113ka, balta<br \/>\nIzm\u0113rs: \u2300 91 x 65 cm<br \/>\nPiem\u0113rots lieto\u0161anai \u0101rpus telp\u0101m<\/p>\n","protected":false},"featured_media":20615,"comment_status":"closed","ping_status":"closed","template":"","meta":[],"_links":{"self":[{"href":"https:\/\/www.xcelsiorselection.com\/lv\/wp-json\/wp\/v2\/product\/20634\/"}],"collection":[{"href":"https:\/\/www.xcelsiorselection.com\/lv\/wp-json\/wp\/v2\/product\/"}],"about":[{"href":"https:\/\/www.xcelsiorselection.com\/lv\/wp-json\/wp\/v2\/types\/product\/"}],"replies":[{"embeddable":true,"href":"https:\/\/www.xcelsiorselection.com\/lv\/wp-json\/wp\/v2\/comments\/?post=20634"}],"wp:featuredmedia":[{"embeddable":true,"href":"https:\/\/www.xcelsiorselection.com\/lv\/wp-json\/wp\/v2\/media\/20615\/"}],"wp:attachment":[{"href":"https:\/\/www.xcelsiorselection.com\/lv\/wp-json\/wp\/v2\/media\/?parent=20634"}],"curies":[{"name":"wp","href":"https:\/\/api.w.org\/{rel}","templated":true}]}}