

{"id":20987,"date":"2016-03-18T15:02:24","date_gmt":"2016-03-18T13:02:24","guid":{"rendered":"http:\/\/www.xcelsiorselection.com\/product\/david-bowie-egg-cup-2\/"},"modified":"2016-03-18T15:04:32","modified_gmt":"2016-03-18T13:04:32","slug":"david-bowie-egg-cup","status":"publish","type":"product","link":"https:\/\/www.xcelsiorselection.com\/lv\/product\/david-bowie-egg-cup\/","title":{"rendered":"Olu trauci\u0146\u0161 &#8211; Deivids Bovijs"},"content":{"rendered":"<div id=\"tab-description\">\n<p>Donna Wilsone rada lietas, ko ir iedvesmojusi vi\u0146as b\u0113rn\u012bba, uzaugot Skotijas laukos. Rad\u012bt\u0101s lietas ir rota\u013c\u012bgas, visda\u017e\u0101d\u0101kaj\u0101s kr\u0101s\u0101s un nu jau iekaroju\u0161as cilv\u0113ku sirdis vis\u0101 pasaul\u0113.<br \/>\n\u0160\u0137\u012bvis un olu trauci\u0146\u0161 ir \u012apa\u0161s velt\u012bjums le\u0123endai \u2013 Deividam Bovijam!<br \/>\n15% no \u0161\u012b produkta ie\u0146\u0113mumiem, Donnas Wilsones komp\u0101nija ziedos V\u0113\u017ea izp\u0113tes programmai.<\/p>\n<\/div>\n","protected":false},"excerpt":{"rendered":"<p><img loading=\"lazy\" decoding=\"async\" alt=\"donna wilson, xcelsior\" src=\"http:\/\/www.xcelsiorselection.com\/wp-content\/uploads\/2015\/08\/donna-wilson.jpg\" width=\"200\" height=\"30\" \/><\/p>\n<p>Dizains: Donna Wilson<br \/>\nMateri\u0101ls: 100% kaulu porcel\u0101ns<br \/>\nRoku darbs<br \/>\nIzm\u0113rs: h 6 cm x \u00f8 5 cm<\/p>\n","protected":false},"featured_media":20976,"comment_status":"closed","ping_status":"closed","template":"","meta":[],"_links":{"self":[{"href":"https:\/\/www.xcelsiorselection.com\/lv\/wp-json\/wp\/v2\/product\/20987\/"}],"collection":[{"href":"https:\/\/www.xcelsiorselection.com\/lv\/wp-json\/wp\/v2\/product\/"}],"about":[{"href":"https:\/\/www.xcelsiorselection.com\/lv\/wp-json\/wp\/v2\/types\/product\/"}],"replies":[{"embeddable":true,"href":"https:\/\/www.xcelsiorselection.com\/lv\/wp-json\/wp\/v2\/comments\/?post=20987"}],"wp:featuredmedia":[{"embeddable":true,"href":"https:\/\/www.xcelsiorselection.com\/lv\/wp-json\/wp\/v2\/media\/20976\/"}],"wp:attachment":[{"href":"https:\/\/www.xcelsiorselection.com\/lv\/wp-json\/wp\/v2\/media\/?parent=20987"}],"curies":[{"name":"wp","href":"https:\/\/api.w.org\/{rel}","templated":true}]}}