

{"id":21033,"date":"2016-03-18T16:41:21","date_gmt":"2016-03-18T14:41:21","guid":{"rendered":"http:\/\/www.xcelsiorselection.com\/product\/cushion-cleo-3\/"},"modified":"2016-03-18T16:47:38","modified_gmt":"2016-03-18T14:47:38","slug":"cushion-cleo-2","status":"publish","type":"product","link":"https:\/\/www.xcelsiorselection.com\/lv\/product\/cushion-cleo-2\/","title":{"rendered":"Spilvens &#8211; Cleo"},"content":{"rendered":"<p>Donna Wilsone rada lietas, ko ir iedvesmojusi vi\u0146as b\u0113rn\u012bba, uzaugot Skotijas laukos. Rad\u012bt\u0101s lietas ir rota\u013c\u012bgas, visda\u017e\u0101d\u0101kaj\u0101s kr\u0101s\u0101s un nu jau iekaroju\u0161as cilv\u0113ku sirdis vis\u0101 pasaul\u0113.<br \/>\nJaukais ka\u0137is Cleo sast\u0101d\u012bs tev komp\u0101niju uz d\u012bv\u0101na!<\/p>\n","protected":false},"excerpt":{"rendered":"<p><img loading=\"lazy\" decoding=\"async\" alt=\"donna wilson, xcelsior\" src=\"http:\/\/www.xcelsiorselection.com\/wp-content\/uploads\/2015\/08\/donna-wilson.jpg\" width=\"200\" height=\"30\" \/><\/p>\n<p>Dizains: Donna Wilson<br \/>\nMateri\u0101ls: 100% kokvilna, d\u016bnu pild\u012bjums<br \/>\nKr\u0101sa: br\u016bna, balta<br \/>\nIzm\u0113rs: 42\u00d742 cm<\/p>\n","protected":false},"featured_media":21026,"comment_status":"closed","ping_status":"closed","template":"","meta":[],"_links":{"self":[{"href":"https:\/\/www.xcelsiorselection.com\/lv\/wp-json\/wp\/v2\/product\/21033\/"}],"collection":[{"href":"https:\/\/www.xcelsiorselection.com\/lv\/wp-json\/wp\/v2\/product\/"}],"about":[{"href":"https:\/\/www.xcelsiorselection.com\/lv\/wp-json\/wp\/v2\/types\/product\/"}],"replies":[{"embeddable":true,"href":"https:\/\/www.xcelsiorselection.com\/lv\/wp-json\/wp\/v2\/comments\/?post=21033"}],"wp:featuredmedia":[{"embeddable":true,"href":"https:\/\/www.xcelsiorselection.com\/lv\/wp-json\/wp\/v2\/media\/21026\/"}],"wp:attachment":[{"href":"https:\/\/www.xcelsiorselection.com\/lv\/wp-json\/wp\/v2\/media\/?parent=21033"}],"curies":[{"name":"wp","href":"https:\/\/api.w.org\/{rel}","templated":true}]}}