

{"id":2125,"date":"2014-06-30T20:14:23","date_gmt":"2014-06-30T18:14:23","guid":{"rendered":"http:\/\/www.xcelsiorselection.com\/product\/steelwood-coat-stand-2\/"},"modified":"2014-08-21T12:18:42","modified_gmt":"2014-08-21T10:18:42","slug":"steelwood-coat-stand","status":"publish","type":"product","link":"https:\/\/www.xcelsiorselection.com\/lv\/product\/steelwood-coat-stand\/","title":{"rendered":"Steelwood dr\u0113bju pakaramais"},"content":{"rendered":"","protected":false},"excerpt":{"rendered":"<p>Steelwood dr\u0113bju pakaramais.<br \/>\nDizains: Ronan un Erwan Bouroullec.<br \/>\nIzm\u0113rs: h 160cm, w 57 cm.<br \/>\nR\u0101mis veidots no b\u0113rza, savienojumu vietas no balti kr\u0101sota t\u0113rauda.<\/p>\n","protected":false},"featured_media":0,"comment_status":"closed","ping_status":"closed","template":"","meta":[],"_links":{"self":[{"href":"https:\/\/www.xcelsiorselection.com\/lv\/wp-json\/wp\/v2\/product\/2125\/"}],"collection":[{"href":"https:\/\/www.xcelsiorselection.com\/lv\/wp-json\/wp\/v2\/product\/"}],"about":[{"href":"https:\/\/www.xcelsiorselection.com\/lv\/wp-json\/wp\/v2\/types\/product\/"}],"replies":[{"embeddable":true,"href":"https:\/\/www.xcelsiorselection.com\/lv\/wp-json\/wp\/v2\/comments\/?post=2125"}],"wp:attachment":[{"href":"https:\/\/www.xcelsiorselection.com\/lv\/wp-json\/wp\/v2\/media\/?parent=2125"}],"curies":[{"name":"wp","href":"https:\/\/api.w.org\/{rel}","templated":true}]}}