

{"id":21263,"date":"2016-03-24T17:07:43","date_gmt":"2016-03-24T15:07:43","guid":{"rendered":"http:\/\/www.xcelsiorselection.com\/product\/pantone-box-2\/"},"modified":"2016-03-24T17:51:39","modified_gmt":"2016-03-24T15:51:39","slug":"pantone-box","status":"publish","type":"product","link":"https:\/\/www.xcelsiorselection.com\/lv\/product\/pantone-box\/","title":{"rendered":"Pantone k\u0101rba"},"content":{"rendered":"<p>Seletti prezent\u0113 PANTONE UNIVERSE<br \/>\nIevies k\u0101rt\u012bbu m\u0101j\u0101s ar odzi\u0146u! Kr\u0101sain\u0101s k\u0101rbas ir iedvesmotas no Pantone kr\u0101su palet\u0113m, p\u0101rkl\u0101tas ar glaz\u0113tu virsmu k\u0101 ar\u012b ar pievienotu ikonisko kr\u0101sas ciparu un burtu kombin\u0101ciju.<br \/>\nPantone kastes lieliski ieder\u0113sies gan m\u0101j\u0101s gan ofis\u0101, k\u0101 ar\u012b t\u0101 b\u016bs atrakt\u012bva d\u0101vana, jo noder\u0113s ikvienam! Kastes izm\u0113rs \u013cauj taj\u0101 uzglab\u0101t A4 form\u0101ta dokumentus, k\u0101 ar\u012b t\u0101s lieliski noder\u0113s, kr\u0101su t\u016bbi\u0146u, \u0161ujampiederumu, medikamentu un v\u0113l da\u017e\u0101du citu objektu uzglab\u0101\u0161anai. K\u0101rbas var viegli kombin\u0113t, savstarp\u0113ji izv\u0113loties da\u017e\u0101das kr\u0101sas, kalpos k\u0101 lielisks akcents interjer\u0101.<\/p>\n","protected":false},"excerpt":{"rendered":"<p><img loading=\"lazy\" decoding=\"async\" alt=\"seletti\" src=\"http:\/\/www.xcelsiorselection.com\/wp-content\/uploads\/2015\/12\/seletti.jpg\" width=\"167\" height=\"36\" \/><\/p>\n<p>Ra\u017eot\u0101js: Seletti<br \/>\nDizains: Selab<br \/>\nMateri\u0101ls: met\u0101ls<br \/>\nIzm\u0113rs: 30 x 22 x 11 cm<br \/>\nPiem\u0113rots \u0113diena uzglab\u0101\u0161anai<\/p>\n","protected":false},"featured_media":87598,"comment_status":"closed","ping_status":"closed","template":"","meta":[],"_links":{"self":[{"href":"https:\/\/www.xcelsiorselection.com\/lv\/wp-json\/wp\/v2\/product\/21263\/"}],"collection":[{"href":"https:\/\/www.xcelsiorselection.com\/lv\/wp-json\/wp\/v2\/product\/"}],"about":[{"href":"https:\/\/www.xcelsiorselection.com\/lv\/wp-json\/wp\/v2\/types\/product\/"}],"replies":[{"embeddable":true,"href":"https:\/\/www.xcelsiorselection.com\/lv\/wp-json\/wp\/v2\/comments\/?post=21263"}],"wp:featuredmedia":[{"embeddable":true,"href":"https:\/\/www.xcelsiorselection.com\/lv\/wp-json\/wp\/v2\/media\/87598\/"}],"wp:attachment":[{"href":"https:\/\/www.xcelsiorselection.com\/lv\/wp-json\/wp\/v2\/media\/?parent=21263"}],"curies":[{"name":"wp","href":"https:\/\/api.w.org\/{rel}","templated":true}]}}