

{"id":2182,"date":"2014-07-04T13:25:44","date_gmt":"2014-07-04T11:25:44","guid":{"rendered":"http:\/\/www.xcelsiorselection.com\/product\/tempo-wall-clock-2\/"},"modified":"2014-07-04T15:16:02","modified_gmt":"2014-07-04T13:16:02","slug":"tempo-wall-clock","status":"publish","type":"product","link":"https:\/\/www.xcelsiorselection.com\/lv\/product\/tempo-wall-clock\/","title":{"rendered":"Tempo sienas pulkstenis"},"content":{"rendered":"","protected":false},"excerpt":{"rendered":"<p>Sienas pulkstenis.<br \/>\nDizains: Naoto Fukasawa.<br \/>\nRa\u017eo\u0161anas gads: 2011.<br \/>\nIzm\u0113rs: diametrs 30 cm.<br \/>\nMateri\u0101ls: ABS plastmasa.<br \/>\nKr\u0101sa: br\u016bna, pel\u0113ka, melna, oran\u017ea.<\/p>\n","protected":false},"featured_media":91408,"comment_status":"closed","ping_status":"closed","template":"","meta":[],"_links":{"self":[{"href":"https:\/\/www.xcelsiorselection.com\/lv\/wp-json\/wp\/v2\/product\/2182\/"}],"collection":[{"href":"https:\/\/www.xcelsiorselection.com\/lv\/wp-json\/wp\/v2\/product\/"}],"about":[{"href":"https:\/\/www.xcelsiorselection.com\/lv\/wp-json\/wp\/v2\/types\/product\/"}],"replies":[{"embeddable":true,"href":"https:\/\/www.xcelsiorselection.com\/lv\/wp-json\/wp\/v2\/comments\/?post=2182"}],"wp:featuredmedia":[{"embeddable":true,"href":"https:\/\/www.xcelsiorselection.com\/lv\/wp-json\/wp\/v2\/media\/91408\/"}],"wp:attachment":[{"href":"https:\/\/www.xcelsiorselection.com\/lv\/wp-json\/wp\/v2\/media\/?parent=2182"}],"curies":[{"name":"wp","href":"https:\/\/api.w.org\/{rel}","templated":true}]}}