

{"id":22037,"date":"2016-04-07T15:29:02","date_gmt":"2016-04-07T13:29:02","guid":{"rendered":"http:\/\/www.xcelsiorselection.com\/product\/hybrid-glasses-aglaura-2\/"},"modified":"2016-04-07T15:32:50","modified_gmt":"2016-04-07T13:32:50","slug":"hybrid-glasses-aglaura","status":"publish","type":"product","link":"https:\/\/www.xcelsiorselection.com\/lv\/product\/hybrid-glasses-aglaura\/","title":{"rendered":"Hybrid gl\u0101\u017eu komplekts Aglaura"},"content":{"rendered":"<p>Hibr\u012bd kolekcija, ko pied\u0101v\u0101 It\u0101\u013cu komp\u0101nija Seletti nevienu neatst\u0101s vienaldz\u012bgu. T\u0101 ir s\u0113rija, kas vien\u0101 trauk\u0101 apvieno Austrumu un Rietumu porcel\u0101na trad\u012bcijas. Katrs trauks veidots no diviem z\u012bm\u0113jumiem, kas atdal\u012bti ar centra l\u012bniju, t\u0101pat m\u0113dz at\u0161\u0137irties ar\u012b trauka augstumi un citas \u012bpa\u0161\u012bbas, lai pan\u0101ktu p\u0113c iesp\u0113jas liel\u0101ku l\u012bdz\u012bbu seno trauku ori\u0123in\u0101liem.<br \/>\nKolekcijas sast\u0101v\u0101 ir \u0161\u0137\u012bvji, b\u013codas, kr\u016bzes, apak\u0161tas\u012btes un citi trauki, kas veidoti no augstv\u0113rt\u012bga \u0136\u012bnas porcel\u0101na, savuk\u0101rt gl\u0101zes no stikla.<\/p>\n","protected":false},"excerpt":{"rendered":"<p><img loading=\"lazy\" decoding=\"async\" alt=\"seletti\" src=\"http:\/\/www.xcelsiorselection.com\/wp-content\/uploads\/2015\/12\/seletti.jpg\" width=\"167\" height=\"36\" \/><\/p>\n<p>3 gl\u0101\u017eu komplekts<br \/>\nRa\u017eot\u0101js: Seletti<br \/>\nDizains: CTRLZAK<br \/>\nMateri\u0101ls: stikls<br \/>\nIzm\u0113rs: \u2300 8 x 9,3 cm,<br \/>\n\u2300 8 x 10,7 cm, \u2300 8,3 x 9,5 cm<\/p>\n","protected":false},"featured_media":22025,"comment_status":"closed","ping_status":"closed","template":"","meta":[],"_links":{"self":[{"href":"https:\/\/www.xcelsiorselection.com\/lv\/wp-json\/wp\/v2\/product\/22037\/"}],"collection":[{"href":"https:\/\/www.xcelsiorselection.com\/lv\/wp-json\/wp\/v2\/product\/"}],"about":[{"href":"https:\/\/www.xcelsiorselection.com\/lv\/wp-json\/wp\/v2\/types\/product\/"}],"replies":[{"embeddable":true,"href":"https:\/\/www.xcelsiorselection.com\/lv\/wp-json\/wp\/v2\/comments\/?post=22037"}],"wp:featuredmedia":[{"embeddable":true,"href":"https:\/\/www.xcelsiorselection.com\/lv\/wp-json\/wp\/v2\/media\/22025\/"}],"wp:attachment":[{"href":"https:\/\/www.xcelsiorselection.com\/lv\/wp-json\/wp\/v2\/media\/?parent=22037"}],"curies":[{"name":"wp","href":"https:\/\/api.w.org\/{rel}","templated":true}]}}