

{"id":2217,"date":"2014-07-04T16:34:21","date_gmt":"2014-07-04T14:34:21","guid":{"rendered":"http:\/\/www.xcelsiorselection.com\/product\/flo-folding-step-ladder-2\/"},"modified":"2014-07-04T16:42:20","modified_gmt":"2014-07-04T14:42:20","slug":"flo-folding-step-ladder","status":"publish","type":"product","link":"https:\/\/www.xcelsiorselection.com\/lv\/product\/flo-folding-step-ladder\/","title":{"rendered":"Fl\u00f2 saliekamas k\u0101pnes"},"content":{"rendered":"","protected":false},"excerpt":{"rendered":"<p>Saliekamas k\u0101pnes.<br \/>\nDizains: Marcello Ziliani.<br \/>\nRa\u017eo\u0161anas gads: 2001.<br \/>\nIzm\u0113rs: augstums 140 cm, platums 50 cm, salikt\u0101 veid\u0101 &#8211; 93\u044510\u044550 \u0441\u043c<br \/>\nMateri\u0101ls: r\u0101mis izgatavots no alum\u012bnija, pak\u0101pieni no sp\u012bd\u012bga ABS plastik\u0101ta.<br \/>\nKr\u0101sas: pel\u0113ka antrac\u012bta, oran\u017ea.<\/p>\n","protected":false},"featured_media":19625,"comment_status":"closed","ping_status":"closed","template":"","meta":[],"_links":{"self":[{"href":"https:\/\/www.xcelsiorselection.com\/lv\/wp-json\/wp\/v2\/product\/2217\/"}],"collection":[{"href":"https:\/\/www.xcelsiorselection.com\/lv\/wp-json\/wp\/v2\/product\/"}],"about":[{"href":"https:\/\/www.xcelsiorselection.com\/lv\/wp-json\/wp\/v2\/types\/product\/"}],"replies":[{"embeddable":true,"href":"https:\/\/www.xcelsiorselection.com\/lv\/wp-json\/wp\/v2\/comments\/?post=2217"}],"wp:featuredmedia":[{"embeddable":true,"href":"https:\/\/www.xcelsiorselection.com\/lv\/wp-json\/wp\/v2\/media\/19625\/"}],"wp:attachment":[{"href":"https:\/\/www.xcelsiorselection.com\/lv\/wp-json\/wp\/v2\/media\/?parent=2217"}],"curies":[{"name":"wp","href":"https:\/\/api.w.org\/{rel}","templated":true}]}}