

{"id":23187,"date":"2016-05-13T17:27:42","date_gmt":"2016-05-13T15:27:42","guid":{"rendered":"http:\/\/www.xcelsiorselection.com\/product\/my-crown-2\/"},"modified":"2016-05-13T17:38:15","modified_gmt":"2016-05-13T15:38:15","slug":"my-crown","status":"publish","type":"product","link":"https:\/\/www.xcelsiorselection.com\/lv\/product\/my-crown\/","title":{"rendered":"Mans kronis"},"content":{"rendered":"<p>Skatienus piesaisto\u0161s, \u012bpa\u0161u \u0161iku pie\u0161\u0137iro\u0161s &#8211; Mans kronis &#8211; no Seletti. Tas veidots no procel\u0101na un pieejams zelta vai balt\u0101 kr\u0101s\u0101. Lieliska d\u0101vana gan kara\u013ciem un karalien\u0113m, k\u0101 ar\u012b tiem, kas nov\u0113rt\u0113 interesantu dizainu un nepierastus risin\u0101jumus. Lieliski sader\u0113s kop\u0101 ar citiem porcel\u0101na priek\u0161metiem no kolekcijas Memorabilia.<\/p>\n","protected":false},"excerpt":{"rendered":"<p><img loading=\"lazy\" decoding=\"async\" alt=\"seletti\" src=\"http:\/\/www.xcelsiorselection.com\/wp-content\/uploads\/2015\/12\/seletti.jpg\" width=\"167\" height=\"36\" \/><\/p>\n<p>Ra\u017eot\u0101js: Seletti<br \/>\nDizains: Selab &amp; Alessandro Zambelli<br \/>\nMateri\u0101ls: porcel\u0101ns<br \/>\nIzm\u0113rs: \u2300 12.5 x 30 x 17.5 cm<\/p>\n","protected":false},"featured_media":23180,"comment_status":"closed","ping_status":"closed","template":"","meta":[],"_links":{"self":[{"href":"https:\/\/www.xcelsiorselection.com\/lv\/wp-json\/wp\/v2\/product\/23187\/"}],"collection":[{"href":"https:\/\/www.xcelsiorselection.com\/lv\/wp-json\/wp\/v2\/product\/"}],"about":[{"href":"https:\/\/www.xcelsiorselection.com\/lv\/wp-json\/wp\/v2\/types\/product\/"}],"replies":[{"embeddable":true,"href":"https:\/\/www.xcelsiorselection.com\/lv\/wp-json\/wp\/v2\/comments\/?post=23187"}],"wp:featuredmedia":[{"embeddable":true,"href":"https:\/\/www.xcelsiorselection.com\/lv\/wp-json\/wp\/v2\/media\/23180\/"}],"wp:attachment":[{"href":"https:\/\/www.xcelsiorselection.com\/lv\/wp-json\/wp\/v2\/media\/?parent=23187"}],"curies":[{"name":"wp","href":"https:\/\/api.w.org\/{rel}","templated":true}]}}