

{"id":23219,"date":"2016-05-13T18:29:05","date_gmt":"2016-05-13T16:29:05","guid":{"rendered":"http:\/\/www.xcelsiorselection.com\/product\/watering-can-2\/"},"modified":"2016-05-13T19:04:41","modified_gmt":"2016-05-13T17:04:41","slug":"watering-can","status":"publish","type":"product","link":"https:\/\/www.xcelsiorselection.com\/lv\/product\/watering-can\/","title":{"rendered":"Porcel\u0101na lejkanna"},"content":{"rendered":"<p>Alessandro Zambelli sadarb\u012bb\u0101 ar Selab izveidojis ESTETICO QUOTIDIANO kolekciju, ekskluz\u012bvi z\u012bmolam Seletti.<br \/>\n\u0160\u012a kolekcija transform\u0113 ikdien\u0101 izmantotus, bie\u017ei vien plastmasa vai pap\u012bra, priek\u0161metus, p\u0101rv\u0113r\u0161ot tos porcel\u0101n\u0101 vai stikl\u0101, t\u0101d\u0113j\u0101di tie k\u013c\u016bst ilglaic\u012bgi lietojami. \u0160\u012b porcel\u0101na lejkanna b\u016bs ori\u0123in\u0101ls aksesu\u0101rs m\u0101j\u0101s, k\u0101 ar\u012b kalpos k\u0101 v\u0101ze vai da\u017e\u0101du priek\u0161metu tur\u0113t\u0101js.<\/p>\n","protected":false},"excerpt":{"rendered":"<p><img loading=\"lazy\" decoding=\"async\" alt=\"seletti\" src=\"http:\/\/www.xcelsiorselection.com\/wp-content\/uploads\/2015\/12\/seletti.jpg\" width=\"167\" height=\"36\" \/><\/p>\n<p>Ra\u017eot\u0101js: Seletti<br \/>\nDizains: Selab &amp; Alessandro Zambelli<br \/>\nMateri\u0101ls: porcel\u0101ns<br \/>\nIzm\u0113rs:\u00a051 x 16 x 35 cm<\/p>\n","protected":false},"featured_media":23214,"comment_status":"closed","ping_status":"closed","template":"","meta":[],"_links":{"self":[{"href":"https:\/\/www.xcelsiorselection.com\/lv\/wp-json\/wp\/v2\/product\/23219\/"}],"collection":[{"href":"https:\/\/www.xcelsiorselection.com\/lv\/wp-json\/wp\/v2\/product\/"}],"about":[{"href":"https:\/\/www.xcelsiorselection.com\/lv\/wp-json\/wp\/v2\/types\/product\/"}],"replies":[{"embeddable":true,"href":"https:\/\/www.xcelsiorselection.com\/lv\/wp-json\/wp\/v2\/comments\/?post=23219"}],"wp:featuredmedia":[{"embeddable":true,"href":"https:\/\/www.xcelsiorselection.com\/lv\/wp-json\/wp\/v2\/media\/23214\/"}],"wp:attachment":[{"href":"https:\/\/www.xcelsiorselection.com\/lv\/wp-json\/wp\/v2\/media\/?parent=23219"}],"curies":[{"name":"wp","href":"https:\/\/api.w.org\/{rel}","templated":true}]}}