

{"id":2338,"date":"2014-07-18T15:30:27","date_gmt":"2014-07-18T13:30:27","guid":{"rendered":"http:\/\/www.xcelsiorselection.com\/product\/dog-cushion-2\/"},"modified":"2015-04-08T12:09:29","modified_gmt":"2015-04-08T10:09:29","slug":"dog-cushion","status":"publish","type":"product","link":"https:\/\/www.xcelsiorselection.com\/lv\/product\/dog-cushion\/","title":{"rendered":"Spilvens &#8211; Suns"},"content":{"rendered":"<p>Donna Wilsone rada lietas, ko ir iedvesmojusi vi\u0146as b\u0113rn\u012bba, uzaugot Skotijas laukos. Rad\u012bt\u0101s lietas ir rota\u013c\u012bgas, visda\u017e\u0101d\u0101kaj\u0101s kr\u0101s\u0101s un nu jau iekaroju\u0161as cilv\u0113ku\u00a0sirdis vis\u0101 pasaul\u0113.<br \/>\n\u0160is spilvens ar suni interjeru padar\u012bs rota\u013c\u012bgu un jautru.<\/p>\n","protected":false},"excerpt":{"rendered":"<p>Dizains: Donna Wison<br \/>\nMateri\u0101ls: 100% aitas vilna, d\u016bnu pild\u012bjums<br \/>\nKr\u0101sa: br\u016bna<br \/>\nIzm\u0113rs: 40 cm x 40 cm<\/p>\n","protected":false},"featured_media":0,"comment_status":"closed","ping_status":"closed","template":"","meta":[],"_links":{"self":[{"href":"https:\/\/www.xcelsiorselection.com\/lv\/wp-json\/wp\/v2\/product\/2338\/"}],"collection":[{"href":"https:\/\/www.xcelsiorselection.com\/lv\/wp-json\/wp\/v2\/product\/"}],"about":[{"href":"https:\/\/www.xcelsiorselection.com\/lv\/wp-json\/wp\/v2\/types\/product\/"}],"replies":[{"embeddable":true,"href":"https:\/\/www.xcelsiorselection.com\/lv\/wp-json\/wp\/v2\/comments\/?post=2338"}],"wp:attachment":[{"href":"https:\/\/www.xcelsiorselection.com\/lv\/wp-json\/wp\/v2\/media\/?parent=2338"}],"curies":[{"name":"wp","href":"https:\/\/api.w.org\/{rel}","templated":true}]}}