

{"id":23446,"date":"2016-05-23T11:19:02","date_gmt":"2016-05-23T09:19:02","guid":{"rendered":"http:\/\/www.xcelsiorselection.com\/product\/egg-holder-2\/"},"modified":"2016-05-23T11:20:48","modified_gmt":"2016-05-23T09:20:48","slug":"egg-holder","status":"publish","type":"product","link":"https:\/\/www.xcelsiorselection.com\/lv\/product\/egg-holder\/","title":{"rendered":"Olu brete"},"content":{"rendered":"<p>Alessandro Zambelli sadarb\u012bb\u0101 ar Selab izveidojis ESTETICO QUOTIDIANO kolekciju, ekskluz\u012bvi z\u012bmolam Seletti.<br \/>\n\u0160\u012a kolekcija transform\u0113 ikdien\u0101 izmantotus, bie\u017ei vien plastmasa vai pap\u012bra, priek\u0161metus, p\u0101rv\u0113r\u0161ot tos porcel\u0101n\u0101 vai stikl\u0101, t\u0101d\u0113j\u0101di tie k\u013c\u016bst ilglaic\u012bgi lietojami.<\/p>\n","protected":false},"excerpt":{"rendered":"<p><img loading=\"lazy\" decoding=\"async\" alt=\"seletti\" src=\"http:\/\/www.xcelsiorselection.com\/wp-content\/uploads\/2015\/12\/seletti.jpg\" width=\"167\" height=\"36\" \/><\/p>\n<p>Ra\u017eot\u0101js: Seletti<br \/>\nDizains: Selab &amp; Alessandro Zambelli<br \/>\nMateri\u0101ls: porcel\u0101ns<br \/>\nIzm\u0113rs: 15,2 x 10 x 6,5 cm<\/p>\n","protected":false},"featured_media":23428,"comment_status":"closed","ping_status":"closed","template":"","meta":[],"_links":{"self":[{"href":"https:\/\/www.xcelsiorselection.com\/lv\/wp-json\/wp\/v2\/product\/23446\/"}],"collection":[{"href":"https:\/\/www.xcelsiorselection.com\/lv\/wp-json\/wp\/v2\/product\/"}],"about":[{"href":"https:\/\/www.xcelsiorselection.com\/lv\/wp-json\/wp\/v2\/types\/product\/"}],"replies":[{"embeddable":true,"href":"https:\/\/www.xcelsiorselection.com\/lv\/wp-json\/wp\/v2\/comments\/?post=23446"}],"wp:featuredmedia":[{"embeddable":true,"href":"https:\/\/www.xcelsiorselection.com\/lv\/wp-json\/wp\/v2\/media\/23428\/"}],"wp:attachment":[{"href":"https:\/\/www.xcelsiorselection.com\/lv\/wp-json\/wp\/v2\/media\/?parent=23446"}],"curies":[{"name":"wp","href":"https:\/\/api.w.org\/{rel}","templated":true}]}}