

{"id":23516,"date":"2016-05-23T21:35:37","date_gmt":"2016-05-23T19:35:37","guid":{"rendered":"http:\/\/www.xcelsiorselection.com\/product\/changing-matty-2\/"},"modified":"2019-09-13T15:36:34","modified_gmt":"2019-09-13T13:36:34","slug":"changing-matty","status":"publish","type":"product","link":"https:\/\/www.xcelsiorselection.com\/lv\/product\/changing-matty\/","title":{"rendered":"P\u0101rtinamais matracis"},"content":{"rendered":"<p>Vai zin\u0101j\u0101t, ka mazulim auti\u0146i vid\u0113ji tiek main\u012bti 6 l\u012bdz 10 reizes dien\u0101? Kopum\u0101 tie ir vair\u0101ki t\u016bksto\u0161i auti\u0146biks\u012b\u0161u, l\u012bdz j\u016bsu b\u0113rns ir sasniedzis tr\u012bs gadu vecumu. \u0160is matrac\u012btis sp\u0113j auti\u0146u main\u012b\u0161anu padar\u012bt par daudz viegl\u0101ku procesu gan jums, gan mazulim. Matracis ir kompakts, t\u0101 \u012bpa\u0161i m\u012bkst\u0101, bet nesl\u012bdo\u0161\u0101 virsma b\u016bs lieliska k\u0101 m\u0101j\u0101s, t\u0101 ce\u013cojot. \u016adens iztur\u012bgais materi\u0101ls padara matraci viegli t\u012br\u0101mu, bet m\u012bkst\u0101 virsma padara to pat\u012bkamu piesk\u0101rienam, t\u0101p\u0113c nevajadz\u0113s izmantot dviel\u012b\u0161us, kas \u0101tri var palikt net\u012bri. \u0160is p\u0101rtinamais matracis no Leander b\u016bs k\u0101 supervaronis un j\u016bsu r\u012bc\u012bb\u0101 dienu un nakti.<\/p>\n","protected":false},"excerpt":{"rendered":"<p><img loading=\"lazy\" decoding=\"async\" src=\"http:\/\/www.xcelsiorselection.com\/wp-content\/uploads\/2014\/07\/leander-logo.jpg\" alt=\"leander logo\" width=\"129\" height=\"34\" \/><\/p>\n<p>Dizains: Stig Leander<br \/>\nMateri\u0101ls: m\u012bksts poliuret\u0101ns<br \/>\nIzm\u0113rs: 11 cm x 70 cm x 50 cm<br \/>\nKr\u0101sas: gai\u0161i zila, pel\u0113ka, sarkana, roz\u0101, za\u013ca, kapu\u010d\u012bno<\/p>\n","protected":false},"featured_media":23490,"comment_status":"closed","ping_status":"closed","template":"","meta":[],"_links":{"self":[{"href":"https:\/\/www.xcelsiorselection.com\/lv\/wp-json\/wp\/v2\/product\/23516\/"}],"collection":[{"href":"https:\/\/www.xcelsiorselection.com\/lv\/wp-json\/wp\/v2\/product\/"}],"about":[{"href":"https:\/\/www.xcelsiorselection.com\/lv\/wp-json\/wp\/v2\/types\/product\/"}],"replies":[{"embeddable":true,"href":"https:\/\/www.xcelsiorselection.com\/lv\/wp-json\/wp\/v2\/comments\/?post=23516"}],"wp:featuredmedia":[{"embeddable":true,"href":"https:\/\/www.xcelsiorselection.com\/lv\/wp-json\/wp\/v2\/media\/23490\/"}],"wp:attachment":[{"href":"https:\/\/www.xcelsiorselection.com\/lv\/wp-json\/wp\/v2\/media\/?parent=23516"}],"curies":[{"name":"wp","href":"https:\/\/api.w.org\/{rel}","templated":true}]}}