

{"id":23596,"date":"2016-05-28T11:44:27","date_gmt":"2016-05-28T09:44:27","guid":{"rendered":"http:\/\/www.xcelsiorselection.com\/product\/small-hot-water-bag-2\/"},"modified":"2016-05-29T08:57:57","modified_gmt":"2016-05-29T06:57:57","slug":"small-hot-water-bag","status":"publish","type":"product","link":"https:\/\/www.xcelsiorselection.com\/lv\/product\/small-hot-water-bag\/","title":{"rendered":"Termofors"},"content":{"rendered":"<p>Mazais termofors no Anne-Claire Petit b\u016bs tie\u0161i laik\u0101, lai sild\u012btu s\u0101po\u0161u punci un, lai k\u0101j\u0101m vienm\u0113r b\u016btu silti! T\u0101 jaukais un m\u012bl\u012bgais dizains patiks b\u0113rniem, t\u0101p\u0113c termofors vienm\u0113r var st\u0101v\u0113t blakus gulti\u0146ai un sild\u012bt, kad nepiecie\u0161ams. Punktainais termofors b\u016bs lieliska d\u0101vana m\u012b\u013cajiem.<\/p>\n","protected":false},"excerpt":{"rendered":"<p><a href=\"http:\/\/www.xcelsiorselection.com\/wp-content\/uploads\/2016\/05\/logo_anne-claire_petit.png\"><img loading=\"lazy\" decoding=\"async\" alt=\"logo_anne-claire_petit\" src=\"http:\/\/www.xcelsiorselection.com\/wp-content\/uploads\/2016\/05\/logo_anne-claire_petit-1366x600.png\" width=\"190\" height=\"83\" \/><\/a><\/p>\n<p>Dizains: Anne-Claire Petit<br \/>\nIzm\u0113rs: 27 x 16 cm<br \/>\nKr\u0101sa: dabiska ar punkti\u0146iem<br \/>\nMateri\u0101ls: kokvilna, gumijas soma<\/p>\n<p>&nbsp;<\/p>\n","protected":false},"featured_media":23534,"comment_status":"closed","ping_status":"closed","template":"","meta":[],"_links":{"self":[{"href":"https:\/\/www.xcelsiorselection.com\/lv\/wp-json\/wp\/v2\/product\/23596\/"}],"collection":[{"href":"https:\/\/www.xcelsiorselection.com\/lv\/wp-json\/wp\/v2\/product\/"}],"about":[{"href":"https:\/\/www.xcelsiorselection.com\/lv\/wp-json\/wp\/v2\/types\/product\/"}],"replies":[{"embeddable":true,"href":"https:\/\/www.xcelsiorselection.com\/lv\/wp-json\/wp\/v2\/comments\/?post=23596"}],"wp:featuredmedia":[{"embeddable":true,"href":"https:\/\/www.xcelsiorselection.com\/lv\/wp-json\/wp\/v2\/media\/23534\/"}],"wp:attachment":[{"href":"https:\/\/www.xcelsiorselection.com\/lv\/wp-json\/wp\/v2\/media\/?parent=23596"}],"curies":[{"name":"wp","href":"https:\/\/api.w.org\/{rel}","templated":true}]}}