

{"id":23612,"date":"2016-05-29T09:09:43","date_gmt":"2016-05-29T07:09:43","guid":{"rendered":"http:\/\/www.xcelsiorselection.com\/product\/animal-mobile-2\/"},"modified":"2016-05-29T09:15:36","modified_gmt":"2016-05-29T07:15:36","slug":"animal-mobile","status":"publish","type":"product","link":"https:\/\/www.xcelsiorselection.com\/lv\/product\/animal-mobile\/","title":{"rendered":"Dz\u012bvnieku karuselis"},"content":{"rendered":"<p>N\u012bderlandes m\u0101ksliniece Anne-Claire Petit pied\u0101v\u0101 ar roku darin\u0101tas rota\u013clietas un aksesu\u0101rus, izpau\u017eot savu patieso m\u012blest\u012bbu tradicion\u0101lam amatnieku darbam.<br \/>\nDz\u012bvnieku karusel\u012b ir jauki, mazi tambor\u0113ti zv\u0113ri\u0146i, tie skaisti rot\u0101s istabu un to kr\u0101sas piev\u0113rs\u012bs mazu\u013ca uzman\u012bbu. Lieliska d\u0101vana raudz\u012bb\u0101s!<br \/>\nVeidots no 100% organisk\u0101s kokvilnas, roku darbs.<\/p>\n","protected":false},"excerpt":{"rendered":"<p><a href=\"http:\/\/www.xcelsiorselection.com\/wp-content\/uploads\/2016\/05\/logo_anne-claire_petit.png\"><img loading=\"lazy\" decoding=\"async\" class=\"alignnone  wp-image-23602\" alt=\"logo_anne-claire_petit\" src=\"http:\/\/www.xcelsiorselection.com\/wp-content\/uploads\/2016\/05\/logo_anne-claire_petit-1366x600.png\" width=\"190\" height=\"83\" srcset=\"https:\/\/www.xcelsiorselection.com\/wp-content\/uploads\/2016\/05\/logo_anne-claire_petit-1366x600.png 1366w, https:\/\/www.xcelsiorselection.com\/wp-content\/uploads\/2016\/05\/logo_anne-claire_petit-600x263.png 600w, https:\/\/www.xcelsiorselection.com\/wp-content\/uploads\/2016\/05\/logo_anne-claire_petit.png 1528w\" sizes=\"(max-width: 190px) 100vw, 190px\" \/><\/a><\/p>\n<p>Dizains: Anne-Claire Petit<br \/>\nMateri\u0101ls: kokvilna<br \/>\nIzm\u0113rs:\u00a0\u2300 21 cm<br \/>\nKr\u0101sa: multi<\/p>\n","protected":false},"featured_media":23607,"comment_status":"closed","ping_status":"closed","template":"","meta":[],"_links":{"self":[{"href":"https:\/\/www.xcelsiorselection.com\/lv\/wp-json\/wp\/v2\/product\/23612\/"}],"collection":[{"href":"https:\/\/www.xcelsiorselection.com\/lv\/wp-json\/wp\/v2\/product\/"}],"about":[{"href":"https:\/\/www.xcelsiorselection.com\/lv\/wp-json\/wp\/v2\/types\/product\/"}],"replies":[{"embeddable":true,"href":"https:\/\/www.xcelsiorselection.com\/lv\/wp-json\/wp\/v2\/comments\/?post=23612"}],"wp:featuredmedia":[{"embeddable":true,"href":"https:\/\/www.xcelsiorselection.com\/lv\/wp-json\/wp\/v2\/media\/23607\/"}],"wp:attachment":[{"href":"https:\/\/www.xcelsiorselection.com\/lv\/wp-json\/wp\/v2\/media\/?parent=23612"}],"curies":[{"name":"wp","href":"https:\/\/api.w.org\/{rel}","templated":true}]}}