

{"id":2440,"date":"2014-07-28T17:28:40","date_gmt":"2014-07-28T15:28:40","guid":{"rendered":"http:\/\/www.xcelsiorselection.com\/product\/the-leander-changing-table-2\/"},"modified":"2019-05-24T09:31:25","modified_gmt":"2019-05-24T07:31:25","slug":"the-leander-changing-table","status":"publish","type":"product","link":"https:\/\/www.xcelsiorselection.com\/lv\/product\/the-leander-changing-table\/","title":{"rendered":"Leander p\u0101rtinamais galds"},"content":{"rendered":"<p>P\u0101rtinam\u0101 galda augstums regul\u0113jams, lai ieg\u016btu p\u0113c iesp\u0113jas \u0113rt\u0101ku darb\u012bbas virsmu un kontaktu ar b\u0113rnu.<br \/>\nZem galda virsmas ir plaukts, kur var novietot divas mantu &#8211; uzglab\u0101\u0161anas kastes. Kastes neietilpst komplekt\u0101.<br \/>\nKad p\u0101rtinamais galds vairs nav nepiecie\u0161ams, iz\u0146emot apak\u0161\u0113jo virsmu, to var izmantot k\u0101 nelielu rakst\u0101mgaldu b\u0113rnam.<\/p>\n","protected":false},"excerpt":{"rendered":"<p><img loading=\"lazy\" decoding=\"async\" src=\"http:\/\/www.xcelsiorselection.com\/wp-content\/uploads\/2014\/07\/leander-logo.jpg\" alt=\"leander logo\" width=\"129\" height=\"34\" \/><\/p>\n<p>Dizains: Stig Leander<br \/>\nIzm\u0113rs: galds- 72 x 74 \u0445 96,5-105 \u0441m,<br \/>\np\u0101rtinamais matracis- 50 \u0445 69 \u0445 6,5 \u0441m<br \/>\nMateri\u0101li: izgatavots no di\u017esk\u0101bar\u017ea, matra\u010da p\u0101rvalks 100% kokvilnas, mazg\u0101jams 60\u00b0<br \/>\nKr\u0101sas: balin\u0101ts b\u0113rzs<\/p>\n","protected":false},"featured_media":3083,"comment_status":"closed","ping_status":"closed","template":"","meta":[],"_links":{"self":[{"href":"https:\/\/www.xcelsiorselection.com\/lv\/wp-json\/wp\/v2\/product\/2440\/"}],"collection":[{"href":"https:\/\/www.xcelsiorselection.com\/lv\/wp-json\/wp\/v2\/product\/"}],"about":[{"href":"https:\/\/www.xcelsiorselection.com\/lv\/wp-json\/wp\/v2\/types\/product\/"}],"replies":[{"embeddable":true,"href":"https:\/\/www.xcelsiorselection.com\/lv\/wp-json\/wp\/v2\/comments\/?post=2440"}],"wp:featuredmedia":[{"embeddable":true,"href":"https:\/\/www.xcelsiorselection.com\/lv\/wp-json\/wp\/v2\/media\/3083\/"}],"wp:attachment":[{"href":"https:\/\/www.xcelsiorselection.com\/lv\/wp-json\/wp\/v2\/media\/?parent=2440"}],"curies":[{"name":"wp","href":"https:\/\/api.w.org\/{rel}","templated":true}]}}