

{"id":30317,"date":"2016-09-16T11:33:44","date_gmt":"2016-09-16T09:33:44","guid":{"rendered":"http:\/\/www.xcelsiorselection.com\/product\/spun-light-f-2\/"},"modified":"2016-09-16T11:42:35","modified_gmt":"2016-09-16T09:42:35","slug":"spun-light-f","status":"publish","type":"product","link":"https:\/\/www.xcelsiorselection.com\/lv\/product\/spun-light-f\/","title":{"rendered":"Spun Light F gr\u012bdas lampa"},"content":{"rendered":"<p>&#8220;<em>Spun<\/em> lampu kolekcijas esence ir vienk\u0101r\u0161\u012bba. Modernas ra\u017eo\u0161anas tehnolo\u0123ijas apvienojas ar lielisku meistar\u012bbu un prasm\u0113m izveidot elegantas l\u012bniju formas no alum\u012bnija. Dizaina iedvesma ir \u0161\u0137idrumi dinamik\u0101, rodas saj\u016bta ka \u0161aj\u0101 dizain\u0101 tas ir iekapsul\u0113ts. Gaismek\u013ci <em>Spun<\/em> ir m\u016bsdien\u012bgi un klasiski vienlaic\u012bgi. &#8221; &#8211; dizaineris Sebastian Wrong<\/p>\n","protected":false},"excerpt":{"rendered":"<p><img loading=\"lazy\" decoding=\"async\" alt=\"Flos\" src=\"http:\/\/www.xcelsiorselection.com\/wp-content\/uploads\/2014\/05\/Flos.jpg\" width=\"100\" height=\"41\" \/><\/p>\n<p>Ra\u017eot\u0101js: Flos<br \/>\nDizains: Sebastian Wrong, 2003<br \/>\nMateri\u0101ls: met\u0101ls, alum\u012bnijs<br \/>\nKr\u0101sa: melna, balta, pel\u0113ka, alum\u012bnija<br \/>\nJauda: MAX 205W<\/p>\n","protected":false},"featured_media":30304,"comment_status":"closed","ping_status":"closed","template":"","meta":[],"_links":{"self":[{"href":"https:\/\/www.xcelsiorselection.com\/lv\/wp-json\/wp\/v2\/product\/30317\/"}],"collection":[{"href":"https:\/\/www.xcelsiorselection.com\/lv\/wp-json\/wp\/v2\/product\/"}],"about":[{"href":"https:\/\/www.xcelsiorselection.com\/lv\/wp-json\/wp\/v2\/types\/product\/"}],"replies":[{"embeddable":true,"href":"https:\/\/www.xcelsiorselection.com\/lv\/wp-json\/wp\/v2\/comments\/?post=30317"}],"wp:featuredmedia":[{"embeddable":true,"href":"https:\/\/www.xcelsiorselection.com\/lv\/wp-json\/wp\/v2\/media\/30304\/"}],"wp:attachment":[{"href":"https:\/\/www.xcelsiorselection.com\/lv\/wp-json\/wp\/v2\/media\/?parent=30317"}],"curies":[{"name":"wp","href":"https:\/\/api.w.org\/{rel}","templated":true}]}}