

{"id":30418,"date":"2016-09-16T13:51:14","date_gmt":"2016-09-16T11:51:14","guid":{"rendered":"http:\/\/www.xcelsiorselection.com\/product\/tab-f-2\/"},"modified":"2016-09-16T14:09:21","modified_gmt":"2016-09-16T12:09:21","slug":"tab-f","status":"publish","type":"product","link":"https:\/\/www.xcelsiorselection.com\/lv\/product\/tab-f\/","title":{"rendered":"Tab F gr\u012bdas lampa"},"content":{"rendered":"<p><em>&#8220;Tab<\/em> ir vienk\u0101r\u0161a, loc\u012btas formas, galda vai gr\u012bdas, lampa, kas\u00a0ap sevi rada vizu\u0101li t\u012bru telpu.&#8221; &#8211; dizaineris E. Barber &amp; J. Osgerby<\/p>\n","protected":false},"excerpt":{"rendered":"<p><img loading=\"lazy\" decoding=\"async\" alt=\"Flos\" src=\"http:\/\/www.xcelsiorselection.com\/wp-content\/uploads\/2014\/05\/Flos.jpg\" width=\"100\" height=\"41\" \/><\/p>\n<p>Ra\u017eot\u0101js: Flos<br \/>\nDizains: E. Barber &amp; J. Osgerby, 2011<br \/>\nMateri\u0101ls: alum\u012bnijs, PMMA<br \/>\nKr\u0101sa: melna, balta<br \/>\nJauda: 14 LED 3000K 612 LM CRI 80 9W<br \/>\nLED iek\u013cauts &#8211; nav nomain\u0101ms<\/p>\n","protected":false},"featured_media":30409,"comment_status":"closed","ping_status":"closed","template":"","meta":[],"_links":{"self":[{"href":"https:\/\/www.xcelsiorselection.com\/lv\/wp-json\/wp\/v2\/product\/30418\/"}],"collection":[{"href":"https:\/\/www.xcelsiorselection.com\/lv\/wp-json\/wp\/v2\/product\/"}],"about":[{"href":"https:\/\/www.xcelsiorselection.com\/lv\/wp-json\/wp\/v2\/types\/product\/"}],"replies":[{"embeddable":true,"href":"https:\/\/www.xcelsiorselection.com\/lv\/wp-json\/wp\/v2\/comments\/?post=30418"}],"wp:featuredmedia":[{"embeddable":true,"href":"https:\/\/www.xcelsiorselection.com\/lv\/wp-json\/wp\/v2\/media\/30409\/"}],"wp:attachment":[{"href":"https:\/\/www.xcelsiorselection.com\/lv\/wp-json\/wp\/v2\/media\/?parent=30418"}],"curies":[{"name":"wp","href":"https:\/\/api.w.org\/{rel}","templated":true}]}}