

{"id":30490,"date":"2016-09-17T08:56:32","date_gmt":"2016-09-17T06:56:32","guid":{"rendered":"http:\/\/www.xcelsiorselection.com\/product\/tatou-f-2\/"},"modified":"2016-09-17T09:16:07","modified_gmt":"2016-09-17T07:16:07","slug":"tatou-f","status":"publish","type":"product","link":"https:\/\/www.xcelsiorselection.com\/lv\/product\/tatou-f\/","title":{"rendered":"Tatou F gr\u012bdas lampa"},"content":{"rendered":"<p>&#8220;Lampu kolekcija <em>Tatou<\/em> p\u0101rk\u0101pj tradicion\u0101lo gaismek\u013cu izskatu, pateicoties \u012bpa\u0161ajam lampas aba\u017e\u016bram, kas \u013cauj gaismai sp\u012bd\u0113t tam caruri, veidojot gaismu sp\u0113les. Tatou, tulkojot no fran\u010du valodas, noz\u012bm\u0113 bru\u0146nesis, \u0161is z\u012bd\u012bt\u0101js zin\u0101ms ar savu bru\u0146\u0101m l\u012bdz\u012bgi kl\u0101to strukt\u016bru, kas ar\u012b l\u012bdzin\u0101s lampas dizainam. V\u0101rdam &#8220;tatou&#8221; ir ar\u012b emocion\u0101la pieska\u0146a, kas, manupr\u0101t, sasaist\u0101s ar lampas emocion\u0101lo b\u016bt\u012bbu.&#8221; &#8211; dizainere Patricia Urquiola<\/p>\n","protected":false},"excerpt":{"rendered":"<p><img loading=\"lazy\" decoding=\"async\" alt=\"Flos\" src=\"http:\/\/www.xcelsiorselection.com\/wp-content\/uploads\/2014\/05\/Flos.jpg\" width=\"100\" height=\"41\" \/><\/p>\n<p>Ra\u017eot\u0101js: Flos<br \/>\nDizains: Patricia Urquiola, 2012<br \/>\nMateri\u0101ls: polikarbon\u0101ts, t\u0113rauds<br \/>\nKr\u0101sa: balta, melna, bronza<br \/>\nJauda: MAX 205W<\/p>\n","protected":false},"featured_media":30464,"comment_status":"closed","ping_status":"closed","template":"","meta":[],"_links":{"self":[{"href":"https:\/\/www.xcelsiorselection.com\/lv\/wp-json\/wp\/v2\/product\/30490\/"}],"collection":[{"href":"https:\/\/www.xcelsiorselection.com\/lv\/wp-json\/wp\/v2\/product\/"}],"about":[{"href":"https:\/\/www.xcelsiorselection.com\/lv\/wp-json\/wp\/v2\/types\/product\/"}],"replies":[{"embeddable":true,"href":"https:\/\/www.xcelsiorselection.com\/lv\/wp-json\/wp\/v2\/comments\/?post=30490"}],"wp:featuredmedia":[{"embeddable":true,"href":"https:\/\/www.xcelsiorselection.com\/lv\/wp-json\/wp\/v2\/media\/30464\/"}],"wp:attachment":[{"href":"https:\/\/www.xcelsiorselection.com\/lv\/wp-json\/wp\/v2\/media\/?parent=30490"}],"curies":[{"name":"wp","href":"https:\/\/api.w.org\/{rel}","templated":true}]}}