

{"id":3185,"date":"2014-09-22T10:59:17","date_gmt":"2014-09-22T08:59:17","guid":{"rendered":"http:\/\/www.xcelsiorselection.com\/product\/panton-junior-2\/"},"modified":"2015-04-21T13:19:59","modified_gmt":"2015-04-21T11:19:59","slug":"panton-junior","status":"publish","type":"product","link":"https:\/\/www.xcelsiorselection.com\/lv\/product\/panton-junior\/","title":{"rendered":"Panton Junior kr\u0113sls"},"content":{"rendered":"<p>\u0160ie ko\u0161ie, liekt\u0101s formas Panton kr\u0113sli vienm\u0113r ir biju\u0161i b\u0113rnu favor\u012bti &#8211; gan k\u0101 s\u0113dvieta, gan k\u0101 rota\u013clieta,t\u0101p\u0113c Verners Pantons izveidoja \u0161o klasisk\u0101 Panton kr\u0113sla junioru versiju, vair\u0101k k\u0101 35 gadus atpaka\u013c. Panton Junior ir aptuveni 25 procentus maz\u0101ka k\u0101 ori\u0123in\u0101ls.<br \/>\nMateri\u0101ls: mat\u0113ts polipropil\u0113ns.<br \/>\nKr\u0113sls piem\u0113rots ar\u012b \u0101rtelp\u0101m.<\/p>\n","protected":false},"excerpt":{"rendered":"<p>Ra\u017eot\u0101js: Vitra<br \/>\nDizains: Verner Panton 1959\/1960<br \/>\nKr\u0101sa: balta, gai\u0161i roz\u0101, gai\u0161i zila, sarkana, dzelteni-za\u013ca, mandar\u012bns<br \/>\nIzm\u0113rs: 38x45x63 cm<\/p>\n","protected":false},"featured_media":11919,"comment_status":"closed","ping_status":"closed","template":"","meta":[],"_links":{"self":[{"href":"https:\/\/www.xcelsiorselection.com\/lv\/wp-json\/wp\/v2\/product\/3185\/"}],"collection":[{"href":"https:\/\/www.xcelsiorselection.com\/lv\/wp-json\/wp\/v2\/product\/"}],"about":[{"href":"https:\/\/www.xcelsiorselection.com\/lv\/wp-json\/wp\/v2\/types\/product\/"}],"replies":[{"embeddable":true,"href":"https:\/\/www.xcelsiorselection.com\/lv\/wp-json\/wp\/v2\/comments\/?post=3185"}],"wp:featuredmedia":[{"embeddable":true,"href":"https:\/\/www.xcelsiorselection.com\/lv\/wp-json\/wp\/v2\/media\/11919\/"}],"wp:attachment":[{"href":"https:\/\/www.xcelsiorselection.com\/lv\/wp-json\/wp\/v2\/media\/?parent=3185"}],"curies":[{"name":"wp","href":"https:\/\/api.w.org\/{rel}","templated":true}]}}