

{"id":3329,"date":"2014-09-22T14:08:07","date_gmt":"2014-09-22T12:08:07","guid":{"rendered":"http:\/\/www.xcelsiorselection.com\/product\/eames-elephant-2\/"},"modified":"2015-04-21T14:57:33","modified_gmt":"2015-04-21T12:57:33","slug":"eames-elephant","status":"publish","type":"product","link":"https:\/\/www.xcelsiorselection.com\/lv\/product\/eames-elephant\/","title":{"rendered":"Eames kr\u0113sls &#8211; Zilonis"},"content":{"rendered":"<p>Charles &amp; Ray Eames 1945.gad\u0101 n\u0101ca kl\u0101j\u0101 ar rota\u013clietu &#8211; zilonis, kas bija izgatavots no sapl\u0101k\u0161\u0146a. \u0160is dizains l\u012bdz ra\u017eo\u0161anai nenon\u0101ca, bet tagad zilonis tiek izgatavots no plastmasas un, lai ar\u012b m\u0113r\u0137auditorija ir b\u0113rni, to iem\u012b\u013coju\u0161i ar\u012b pieaugu\u0161ie. Eames Zilonis lieliski papildin\u0101s k\u0101 b\u0113rna istabu, t\u0101 jebkuru citu interjeru vai eksterjeru.<br \/>\nMateri\u0101ls: mat\u0113ts polipropil\u0113ns.<\/p>\n","protected":false},"excerpt":{"rendered":"<p>Dizains: Charles &amp; Ray Eames, 1945<br \/>\nIzm\u0113rs: 41x79x42 cm<br \/>\nKr\u0101sa: balta, ledus pel\u0113ka, sarkana, gai\u0161i roz\u0101, tum\u0161s laims<\/p>\n","protected":false},"featured_media":55285,"comment_status":"closed","ping_status":"closed","template":"","meta":[],"_links":{"self":[{"href":"https:\/\/www.xcelsiorselection.com\/lv\/wp-json\/wp\/v2\/product\/3329\/"}],"collection":[{"href":"https:\/\/www.xcelsiorselection.com\/lv\/wp-json\/wp\/v2\/product\/"}],"about":[{"href":"https:\/\/www.xcelsiorselection.com\/lv\/wp-json\/wp\/v2\/types\/product\/"}],"replies":[{"embeddable":true,"href":"https:\/\/www.xcelsiorselection.com\/lv\/wp-json\/wp\/v2\/comments\/?post=3329"}],"wp:featuredmedia":[{"embeddable":true,"href":"https:\/\/www.xcelsiorselection.com\/lv\/wp-json\/wp\/v2\/media\/55285\/"}],"wp:attachment":[{"href":"https:\/\/www.xcelsiorselection.com\/lv\/wp-json\/wp\/v2\/media\/?parent=3329"}],"curies":[{"name":"wp","href":"https:\/\/api.w.org\/{rel}","templated":true}]}}