

{"id":35993,"date":"2017-01-09T15:09:34","date_gmt":"2017-01-09T13:09:34","guid":{"rendered":"http:\/\/www.xcelsiorselection.com\/product\/samurai-2\/"},"modified":"2020-10-21T17:00:33","modified_gmt":"2020-10-21T15:00:33","slug":"samurai","status":"publish","type":"product","link":"https:\/\/www.xcelsiorselection.com\/lv\/product\/samurai\/","title":{"rendered":"Lampa Samurai"},"content":{"rendered":"<p>Samuraja \u0137iverei ir liela noz\u012bme Jap\u0101\u0146u kult\u016br\u0101, t\u0101m vajadz\u0113ja iedvest bailes c\u012b\u0146u biedr\u0101. Savuk\u0101rt Ingo Maurer lampas dizainu veidojis ar po\u0113tisku pieeju &#8211; no pap\u012bra un gaismas &#8211; godinot samurajus un Jap\u0101nas sen\u0101s v\u0113rt\u012bbas.<br \/>\nIngo Maurer ir apgaismojuma dizaina kulta persona jau desmitgad\u0113m ilgi. Savu pirmo \u00abgaismas darbn\u012bcu\u00bb v\u0101cu izcelsmes m\u0101kslinieks atv\u0113ra 1966. gad\u0101 un nupat jau gandr\u012bz pus gadsimta garum\u0101 ik gadus n\u0101k klaj\u0101 ar jauniem dizaina p\u0101rsteigumiem. Arvien atrazdamies laika rit\u0113jumam priek\u0161gal\u0101, Ingo z\u012bm\u0113tos gaismek\u013cos modernas un ultra modernas tehnolo\u0123ijas mijas ar nostal\u0123isk\u0101m form\u0101m, risinot patiesi aizraujo\u0161as, filozofiskas t\u0113mas.<\/p>\n","protected":false},"excerpt":{"rendered":"<p><img loading=\"lazy\" decoding=\"async\" src=\"https:\/\/cdn.stylepark.com\/manufacturers\/i\/ingo-maurer\/ingo-maurer-logo.jpg\" alt=\"Att\u0113lu rezult\u0101ti vaic\u0101jumam \u201cingo maurer logo\u201d\" width=\"235\" height=\"24\" \/><\/p>\n<p>Ra\u017eot\u0101js: Ingo Maurer<br \/>\nDizains: Dagmar Mombach, Ingo Maurer &amp; komanda, 1998<br \/>\nMateri\u0101ls: pap\u012brs, met\u0101ls, ner\u016bs\u0113jo\u0161ais t\u0113rauds, silikons, stikls<br \/>\nJauda: 9 W, LED, 2700 K, 970 lm<span style=\"border-radius: 2px; text-indent: 20px; width: auto; padding: 0px 4px 0px 0px; text-align: center; font: bold 11px\/20px 'Helvetica Neue',Helvetica,sans-serif; color: #ffffff; background: #bd081c  no-repeat scroll 3px 50% \/ 14px 14px; position: absolute; opacity: 1; z-index: 8675309; display: none; cursor: pointer;\">Save<\/span> <span style=\"border-radius: 2px; text-indent: 20px; width: auto; padding: 0px 4px 0px 0px; text-align: center; font: bold 11px\/20px 'Helvetica Neue',Helvetica,sans-serif; color: #ffffff; background: #bd081c  no-repeat scroll 3px 50% \/ 14px 14px; position: absolute; opacity: 1; z-index: 8675309; display: none; cursor: pointer;\">Save<\/span> <span style=\"border-radius: 2px; text-indent: 20px; width: auto; padding: 0px 4px 0px 0px; text-align: center; font: bold 11px\/20px 'Helvetica Neue',Helvetica,sans-serif; color: #ffffff; background: #bd081c  no-repeat scroll 3px 50% \/ 14px 14px; position: absolute; opacity: 1; z-index: 8675309; display: none; cursor: pointer;\">Save<\/span><\/p>\n<p><span style=\"border-radius: 2px; text-indent: 20px; width: auto; padding: 0px 4px 0px 0px; text-align: center; font: bold 11px\/20px 'Helvetica Neue',Helvetica,sans-serif; color: #ffffff; background: #bd081c  no-repeat scroll 3px 50% \/ 14px 14px; position: absolute; opacity: 1; z-index: 8675309; display: none; cursor: pointer;\">Save<\/span><\/p>\n<p><span style=\"border-radius: 2px; text-indent: 20px; width: auto; padding: 0px 4px 0px 0px; text-align: center; font: bold 11px\/20px 'Helvetica Neue',Helvetica,sans-serif; color: #ffffff; background: #bd081c  no-repeat scroll 3px 50% \/ 14px 14px; position: absolute; opacity: 1; z-index: 8675309; display: none; cursor: pointer;\">Save<\/span><\/p>\n<p><span style=\"border-radius: 2px; text-indent: 20px; width: auto; padding: 0px 4px 0px 0px; text-align: center; font: bold 11px\/20px 'Helvetica Neue',Helvetica,sans-serif; color: #ffffff; background: #bd081c  no-repeat scroll 3px 50% \/ 14px 14px; position: absolute; opacity: 1; z-index: 8675309; display: none; cursor: pointer;\">Save<\/span><\/p>\n","protected":false},"featured_media":35985,"comment_status":"closed","ping_status":"closed","template":"","meta":[],"_links":{"self":[{"href":"https:\/\/www.xcelsiorselection.com\/lv\/wp-json\/wp\/v2\/product\/35993\/"}],"collection":[{"href":"https:\/\/www.xcelsiorselection.com\/lv\/wp-json\/wp\/v2\/product\/"}],"about":[{"href":"https:\/\/www.xcelsiorselection.com\/lv\/wp-json\/wp\/v2\/types\/product\/"}],"replies":[{"embeddable":true,"href":"https:\/\/www.xcelsiorselection.com\/lv\/wp-json\/wp\/v2\/comments\/?post=35993"}],"wp:featuredmedia":[{"embeddable":true,"href":"https:\/\/www.xcelsiorselection.com\/lv\/wp-json\/wp\/v2\/media\/35985\/"}],"wp:attachment":[{"href":"https:\/\/www.xcelsiorselection.com\/lv\/wp-json\/wp\/v2\/media\/?parent=35993"}],"curies":[{"name":"wp","href":"https:\/\/api.w.org\/{rel}","templated":true}]}}