

{"id":3657,"date":"2014-09-29T17:16:26","date_gmt":"2014-09-29T15:16:26","guid":{"rendered":"http:\/\/www.xcelsiorselection.com\/product\/girard-wool-blankets-maze-pattern-2\/"},"modified":"2015-04-23T12:25:01","modified_gmt":"2015-04-23T10:25:01","slug":"girard-wool-blankets-maze-pattern","status":"publish","type":"product","link":"https:\/\/www.xcelsiorselection.com\/lv\/product\/girard-wool-blankets-maze-pattern\/","title":{"rendered":"Girard vilnas pleds"},"content":{"rendered":"<p>Divu to\u0146u rakstainie pledi, ori\u0123in\u0101li bija pl\u0101noti k\u0101 apdrukas mot\u012bvi dekorat\u012bviem sienas pane\u013ciem, audumiem vai spilveniem. Sadarb\u012bb\u0101 ar dizainera Girarda \u0123imeni, \u0161ie grafiskie mot\u012bvi tagad tiek izmantoti pledu ra\u017eo\u0161an\u0101, kuru sast\u0101v\u0101 ir 100% merino aitas vilna. Pleds kalpos gan k\u0101 lielisks dizaina akcents, gan k\u0101 m\u012bksta sega kur\u0101 sasild\u012bties. Pieejami 3 da\u017e\u0101di kr\u0101su varianti.<\/p>\n","protected":false},"excerpt":{"rendered":"<p>Ra\u017eot\u0101js: Vitra<br \/>\nDizains: Alexander Girard, 1963<br \/>\nKr\u0101sa: dzeltena\/ balta, sarkana\/roz\u0101, melna\/balta<br \/>\nIzm\u0113rs: 200 x 135 cm<br \/>\nMateri\u0101ls: 100% Merino aitas<\/p>\n","protected":false},"featured_media":3647,"comment_status":"closed","ping_status":"closed","template":"","meta":[],"_links":{"self":[{"href":"https:\/\/www.xcelsiorselection.com\/lv\/wp-json\/wp\/v2\/product\/3657\/"}],"collection":[{"href":"https:\/\/www.xcelsiorselection.com\/lv\/wp-json\/wp\/v2\/product\/"}],"about":[{"href":"https:\/\/www.xcelsiorselection.com\/lv\/wp-json\/wp\/v2\/types\/product\/"}],"replies":[{"embeddable":true,"href":"https:\/\/www.xcelsiorselection.com\/lv\/wp-json\/wp\/v2\/comments\/?post=3657"}],"wp:featuredmedia":[{"embeddable":true,"href":"https:\/\/www.xcelsiorselection.com\/lv\/wp-json\/wp\/v2\/media\/3647\/"}],"wp:attachment":[{"href":"https:\/\/www.xcelsiorselection.com\/lv\/wp-json\/wp\/v2\/media\/?parent=3657"}],"curies":[{"name":"wp","href":"https:\/\/api.w.org\/{rel}","templated":true}]}}