

{"id":3683,"date":"2014-10-03T11:09:31","date_gmt":"2014-10-03T09:09:31","guid":{"rendered":"http:\/\/www.xcelsiorselection.com\/?post_type=product&#038;p=3683"},"modified":"2015-04-23T13:05:57","modified_gmt":"2015-04-23T11:05:57","slug":"elephant-stool","status":"publish","type":"product","link":"https:\/\/www.xcelsiorselection.com\/lv\/product\/elephant-stool\/","title":{"rendered":"Elephant Stool"},"content":{"rendered":"<p>Elephant zem\u0101 taburete ir viens no popul\u0101r\u0101kajiem p\u0113c-kara Jap\u0101\u0146u dizainiem, kas v\u0113l joproj\u0101m p\u0101rliecina ar savu t\u012bro formu un lielisko funkcionalit\u0101ti. Taburete piem\u0113rota iek\u0161telp\u0101m, balkoniem, d\u0101rziem, t\u0101s iesp\u0113jams savietot vienu uz otras, t\u0101p\u0113c t\u0101s k\u013c\u016bst par viegli p\u0101rvad\u0101jumu s\u0113dvietu piknikiem un citiem dabas pas\u0101kumiem.<\/p>\n","protected":false},"excerpt":{"rendered":"<p>Ra\u017eot\u0101js: Vitra<br \/>\nDizains: Sori Yanagi, 1954<br \/>\nIzm\u0113rs: 37x52x47 cm<br \/>\nKr\u0101sa: kr\u0113ma, melna<br \/>\nMateri\u0101ls: polipropil\u0113ns<br \/>\nPiem\u0113rots \u0101ra telp\u0101m<\/p>\n","protected":false},"featured_media":12216,"comment_status":"closed","ping_status":"closed","template":"","meta":[],"_links":{"self":[{"href":"https:\/\/www.xcelsiorselection.com\/lv\/wp-json\/wp\/v2\/product\/3683\/"}],"collection":[{"href":"https:\/\/www.xcelsiorselection.com\/lv\/wp-json\/wp\/v2\/product\/"}],"about":[{"href":"https:\/\/www.xcelsiorselection.com\/lv\/wp-json\/wp\/v2\/types\/product\/"}],"replies":[{"embeddable":true,"href":"https:\/\/www.xcelsiorselection.com\/lv\/wp-json\/wp\/v2\/comments\/?post=3683"}],"wp:featuredmedia":[{"embeddable":true,"href":"https:\/\/www.xcelsiorselection.com\/lv\/wp-json\/wp\/v2\/media\/12216\/"}],"wp:attachment":[{"href":"https:\/\/www.xcelsiorselection.com\/lv\/wp-json\/wp\/v2\/media\/?parent=3683"}],"curies":[{"name":"wp","href":"https:\/\/api.w.org\/{rel}","templated":true}]}}