

{"id":3723,"date":"2014-10-03T12:13:51","date_gmt":"2014-10-03T10:13:51","guid":{"rendered":"http:\/\/www.xcelsiorselection.com\/product\/chairless-s-sitting-strap-2\/"},"modified":"2015-04-23T13:31:12","modified_gmt":"2015-04-23T11:31:12","slug":"chairless-s-sitting-strap","status":"publish","type":"product","link":"https:\/\/www.xcelsiorselection.com\/lv\/product\/chairless-s-sitting-strap\/","title":{"rendered":"Chairless S josta\/kr\u0113sls"},"content":{"rendered":"<p><em>Chairless<\/em> ir no sp\u0113c\u012bga materi\u0101la ra\u017eota josta, kas pied\u0101v\u0101 komfortablu s\u0113d\u0113\u0161anu bez s\u0113dvietas vai atzvelt\u0146a. \u0160\u012b josta ir k\u0101 rad\u012bta m\u016bsdienu klejot\u0101jiem un ce\u013cot\u0101jiem, kuri v\u0113las aps\u0113sties viet\u0101, kur kr\u0113sls nav pieejams \u2013 vai tas b\u016btu pikniks park\u0101, vai plac\u012btis p\u0101rpild\u012bt\u0101 lidost\u0101, vai dabas koncert\u0101\u2026 t\u0101pat \u0161\u012b josta atvieglos las\u012b\u0161anu pludmal\u0113, televizora skat\u012b\u0161anos un citas l\u012bdz\u012bgas nodarbes. <em>Chairless<\/em> ir tik viegls un kompakts, ka to vienm\u0113r vari n\u0113s\u0101t sev l\u012bdzi!<\/p>\n","protected":false},"excerpt":{"rendered":"<p>Ra\u017eot\u0101js: Vitra<br \/>\nDizains: Alejandro Aravena, 2010<br \/>\nMateri\u0101ls: poliam\u012bds<br \/>\nJostas izm\u0113rs m\u0113r\u0101ms p\u0113c cilv\u0113ka aguma: S ( l\u012bdz 165 cm), M ( 165-180 cm), L ( no 180 cm)<\/p>\n","protected":false},"featured_media":3717,"comment_status":"closed","ping_status":"closed","template":"","meta":[],"_links":{"self":[{"href":"https:\/\/www.xcelsiorselection.com\/lv\/wp-json\/wp\/v2\/product\/3723\/"}],"collection":[{"href":"https:\/\/www.xcelsiorselection.com\/lv\/wp-json\/wp\/v2\/product\/"}],"about":[{"href":"https:\/\/www.xcelsiorselection.com\/lv\/wp-json\/wp\/v2\/types\/product\/"}],"replies":[{"embeddable":true,"href":"https:\/\/www.xcelsiorselection.com\/lv\/wp-json\/wp\/v2\/comments\/?post=3723"}],"wp:featuredmedia":[{"embeddable":true,"href":"https:\/\/www.xcelsiorselection.com\/lv\/wp-json\/wp\/v2\/media\/3717\/"}],"wp:attachment":[{"href":"https:\/\/www.xcelsiorselection.com\/lv\/wp-json\/wp\/v2\/media\/?parent=3723"}],"curies":[{"name":"wp","href":"https:\/\/api.w.org\/{rel}","templated":true}]}}