

{"id":3759,"date":"2014-10-03T13:34:03","date_gmt":"2014-10-03T11:34:03","guid":{"rendered":"http:\/\/www.xcelsiorselection.com\/product\/schaukelsessel-no-9-2\/"},"modified":"2015-04-23T13:51:37","modified_gmt":"2015-04-23T11:51:37","slug":"schaukelsessel-no-9","status":"publish","type":"product","link":"https:\/\/www.xcelsiorselection.com\/lv\/product\/schaukelsessel-no-9\/","title":{"rendered":"Schaukelsessel Nr. 9"},"content":{"rendered":"<p>\u0160\u012b Vitras miniat\u016bra n\u0101k komplekt\u0101 ar mazu koka kast\u012bti, kas miniat\u016bru padara lielisku izst\u0101d\u012b\u0161anai, vai kolekcion\u0113\u0161anai. Katrs kr\u0113sls no Vitras miniat\u016bru kolekcijas ir veidots p\u0113c prec\u012bz\u0101m ori\u0123in\u0101lo kr\u0113slu specifik\u0101cij\u0101m un izm\u0113riem, t\u0101pat ar\u012b materi\u0101liem un kr\u0101s\u0101m.. glu\u017ei, k\u0101 \u012bstais, tikai miniat\u016bra ir 6 reizes maz\u0101ka par ori\u0123in\u0101lu. Katrs no kolekcijas kr\u0113sliem k\u013cuvis par dizaina klasiku, t\u0101p\u0113c \u0161\u012bs miniat\u016bras b\u016bs v\u0113rt\u012bgs kolekcion\u0101ru priek\u0161mets, k\u0101 ar\u012b noder\u012bgs ilustrat\u012bvais paraugs dizaina skol\u0101s un universit\u0101t\u0113s. Vitras miniat\u016bru kolekcija ir unik\u0101la un atpaz\u012bstama vis\u0101 pasaul\u0113.<\/p>\n","protected":false},"excerpt":{"rendered":"<p>Miniat\u016bra<br \/>\nDizains: Vitra Design Museum, 1820 \u2013 2008<br \/>\nIzm\u0113rs: 19x10x17 cm<\/p>\n","protected":false},"featured_media":3757,"comment_status":"closed","ping_status":"closed","template":"","meta":[],"_links":{"self":[{"href":"https:\/\/www.xcelsiorselection.com\/lv\/wp-json\/wp\/v2\/product\/3759\/"}],"collection":[{"href":"https:\/\/www.xcelsiorselection.com\/lv\/wp-json\/wp\/v2\/product\/"}],"about":[{"href":"https:\/\/www.xcelsiorselection.com\/lv\/wp-json\/wp\/v2\/types\/product\/"}],"replies":[{"embeddable":true,"href":"https:\/\/www.xcelsiorselection.com\/lv\/wp-json\/wp\/v2\/comments\/?post=3759"}],"wp:featuredmedia":[{"embeddable":true,"href":"https:\/\/www.xcelsiorselection.com\/lv\/wp-json\/wp\/v2\/media\/3757\/"}],"wp:attachment":[{"href":"https:\/\/www.xcelsiorselection.com\/lv\/wp-json\/wp\/v2\/media\/?parent=3759"}],"curies":[{"name":"wp","href":"https:\/\/api.w.org\/{rel}","templated":true}]}}