

{"id":3773,"date":"2014-10-03T13:57:58","date_gmt":"2014-10-03T11:57:58","guid":{"rendered":"http:\/\/www.xcelsiorselection.com\/product\/barrel-chair-2\/"},"modified":"2014-10-03T14:07:18","modified_gmt":"2014-10-03T12:07:18","slug":"barrel-chair","status":"publish","type":"product","link":"https:\/\/www.xcelsiorselection.com\/lv\/product\/barrel-chair\/","title":{"rendered":"Barrel Chair"},"content":{"rendered":"","protected":false},"excerpt":{"rendered":"<p>Dizains: Vitra Design Museum, 1820 \u2013 2008.<br \/>\nWright, 1904.<br \/>\nMiniat\u016bra ir autentiska kopija ori\u0123in\u0101lam kr\u0113slam, ir iev\u0113rotas proporcijas, kr\u0101sas un materi\u0101li.<br \/>\nIzm\u0113rs: H 14 x W 10 x D 10 cm.<\/p>\n","protected":false},"featured_media":3771,"comment_status":"closed","ping_status":"closed","template":"","meta":[],"_links":{"self":[{"href":"https:\/\/www.xcelsiorselection.com\/lv\/wp-json\/wp\/v2\/product\/3773\/"}],"collection":[{"href":"https:\/\/www.xcelsiorselection.com\/lv\/wp-json\/wp\/v2\/product\/"}],"about":[{"href":"https:\/\/www.xcelsiorselection.com\/lv\/wp-json\/wp\/v2\/types\/product\/"}],"replies":[{"embeddable":true,"href":"https:\/\/www.xcelsiorselection.com\/lv\/wp-json\/wp\/v2\/comments\/?post=3773"}],"wp:featuredmedia":[{"embeddable":true,"href":"https:\/\/www.xcelsiorselection.com\/lv\/wp-json\/wp\/v2\/media\/3771\/"}],"wp:attachment":[{"href":"https:\/\/www.xcelsiorselection.com\/lv\/wp-json\/wp\/v2\/media\/?parent=3773"}],"curies":[{"name":"wp","href":"https:\/\/api.w.org\/{rel}","templated":true}]}}