

{"id":37951,"date":"2017-03-05T10:14:16","date_gmt":"2017-03-05T08:14:16","guid":{"rendered":"http:\/\/www.xcelsiorselection.com\/product\/nikko-2\/"},"modified":"2017-03-05T10:28:22","modified_gmt":"2017-03-05T08:28:22","slug":"nikko","status":"publish","type":"product","link":"https:\/\/www.xcelsiorselection.com\/lv\/product\/nikko\/","title":{"rendered":"Arom\u0101tisk\u0101s sveces Nikko"},"content":{"rendered":"<p>Arom\u0101tisk\u0101s sveces Nikko no z\u012bmola Kartell ir greznas un liela izm\u0113ra sveces ar 3 deg\u013ciem. Gludais sveces korpuss rada skaistus gaismas atsp\u012bdumus, pie\u0161\u0137irot \u012bpa\u0161u noska\u0146u telpai. Sveces trauks veidots no \u012bpa\u0161as termoplastiksas, kas ir uguns dro\u0161a. Sve\u010du deg\u0161anas ilgums ir aptuveni 60 stundas. Nikko kolekcij\u0101 pieejamas sveces 8 kr\u0101s\u0101s, kur katrai no t\u0101m ir savs arom\u0101ts:<\/p>\n<ul>\n<li>\u00a0 \u00a0 <strong>Balta:<\/strong> ziedi, muskuss; rad\u012bjusi Marie Hugentobler, <em>Cosmo International perfumery<\/em><\/li>\n<li>\u00a0\u00a0\u00a0 <strong>D\u016bmu pel\u0113ka:<\/strong> ziedi, svaigi za\u013cumi, \u016bdens svaigums; rad\u012bjusi Annie Buzantian, <em>Firmenich perfumery<\/em><\/li>\n<li>\u00a0\u00a0\u00a0 <strong>Roz\u0101:<\/strong> ziedi muskuss; rad\u012bjis Fabrice Pelegrin, <em>Firmenich perfumery<\/em><\/li>\n<li>\u00a0\u00a0\u00a0 <strong>Oran\u017ea:<\/strong> ziedi, citruss; rad\u012bjis Mathieu Nardin, <em>Robertet perfumery<\/em><\/li>\n<li>\u00a0\u00a0\u00a0 <strong>Zila:<\/strong> koks, citruss; rad\u012bjusi C\u00e9line Ripert, <em>Mane perfumery<\/em><\/li>\n<li>\u00a0\u00a0\u00a0 <strong>Sarkana:<\/strong> koks, pikants; rad\u012bjusi Marie Hugentobler, <em>Cosmo International perfumery<\/em><\/li>\n<li>\u00a0\u00a0\u00a0 <strong>Dzintars:<\/strong> citruss, ziedi, koks, austrumniecisks; rad\u012bjusi Honorine Blanc, <em>Firmenich perfumery<\/em><\/li>\n<li>\u00a0 \u00a0 <strong>Melna:<\/strong> austrumniecisks, pikants, ziedi, koks; rad\u012bjusi Honorine Blanc, <em>Firmenich perfumery<\/em><\/li>\n<\/ul>\n","protected":false},"excerpt":{"rendered":"<p><img loading=\"lazy\" decoding=\"async\" alt=\"kartell\" src=\"http:\/\/www.xcelsiorselection.com\/wp-content\/uploads\/2015\/05\/kartell.jpg\" width=\"145\" height=\"43\" \/><\/p>\n<p>Ra\u017eot\u0101js: Kartell<br \/>\nDizains: Ferruccio Laviani<br \/>\nMateri\u0101ls: plastmasas korpuss (uguns dro\u0161s),<br \/>\narom\u0101tisks vasks<br \/>\nKr\u0101sa: balta, d\u016bmu pel\u0113ka, roz\u0101, oran\u017ea, zila, sarkana, dzintars, melna<br \/>\nIzm\u0113rs: \u230012,4 x 13,8 cm<br \/>\nDeg\u0161anas ilgums: 60 h<\/p>\n<p><span style=\"border-radius: 2px; text-indent: 20px; width: auto; padding: 0px 4px 0px 0px; text-align: center; font: bold 11px\/20px 'Helvetica Neue',Helvetica,sans-serif; color: #ffffff; background: #bd081c url('data:image\/svg+xml;base64,PHN2ZyB4bWxucz0iaHR0cDovL3d3dy53My5vcmcvMjAwMC9zdmciIGhlaWdodD0iMzBweCIgd2lkdGg9IjMwcHgiIHZpZXdCb3g9Ii0xIC0xIDMxIDMxIj48Zz48cGF0aCBkPSJNMjkuNDQ5LDE0LjY2MiBDMjkuNDQ5LDIyLjcyMiAyMi44NjgsMjkuMjU2IDE0Ljc1LDI5LjI1NiBDNi42MzIsMjkuMjU2IDAuMDUxLDIyLjcyMiAwLjA1MSwxNC42NjIgQzAuMDUxLDYuNjAxIDYuNjMyLDAuMDY3IDE0Ljc1LDAuMDY3IEMyMi44NjgsMC4wNjcgMjkuNDQ5LDYuNjAxIDI5LjQ0OSwxNC42NjIiIGZpbGw9IiNmZmYiIHN0cm9rZT0iI2ZmZiIgc3Ryb2tlLXdpZHRoPSIxIj48L3BhdGg+PHBhdGggZD0iTTE0LjczMywxLjY4NiBDNy41MTYsMS42ODYgMS42NjUsNy40OTUgMS42NjUsMTQuNjYyIEMxLjY2NSwyMC4xNTkgNS4xMDksMjQuODU0IDkuOTcsMjYuNzQ0IEM5Ljg1NiwyNS43MTggOS43NTMsMjQuMTQzIDEwLjAxNiwyMy4wMjIgQzEwLjI1MywyMi4wMSAxMS41NDgsMTYuNTcyIDExLjU0OCwxNi41NzIgQzExLjU0OCwxNi41NzIgMTEuMTU3LDE1Ljc5NSAxMS4xNTcsMTQuNjQ2IEMxMS4xNTcsMTIuODQyIDEyLjIxMSwxMS40OTUgMTMuNTIyLDExLjQ5NSBDMTQuNjM3LDExLjQ5NSAxNS4xNzUsMTIuMzI2IDE1LjE3NSwxMy4zMjMgQzE1LjE3NSwxNC40MzYgMTQuNDYyLDE2LjEgMTQuMDkzLDE3LjY0MyBDMTMuNzg1LDE4LjkzNSAxNC43NDUsMTkuOTg4IDE2LjAyOCwxOS45ODggQzE4LjM1MSwxOS45ODggMjAuMTM2LDE3LjU1NiAyMC4xMzYsMTQuMDQ2IEMyMC4xMzYsMTAuOTM5IDE3Ljg4OCw4Ljc2NyAxNC42NzgsOC43NjcgQzEwLjk1OSw4Ljc2NyA4Ljc3NywxMS41MzYgOC43NzcsMTQuMzk4IEM4Ljc3NywxNS41MTMgOS4yMSwxNi43MDkgOS43NDksMTcuMzU5IEM5Ljg1NiwxNy40ODggOS44NzIsMTcuNiA5Ljg0LDE3LjczMSBDOS43NDEsMTguMTQxIDkuNTIsMTkuMDIzIDkuNDc3LDE5LjIwMyBDOS40MiwxOS40NCA5LjI4OCwxOS40OTEgOS4wNCwxOS4zNzYgQzcuNDA4LDE4LjYyMiA2LjM4NywxNi4yNTIgNi4zODcsMTQuMzQ5IEM2LjM4NywxMC4yNTYgOS4zODMsNi40OTcgMTUuMDIyLDYuNDk3IEMxOS41NTUsNi40OTcgMjMuMDc4LDkuNzA1IDIzLjA3OCwxMy45OTEgQzIzLjA3OCwxOC40NjMgMjAuMjM5LDIyLjA2MiAxNi4yOTcsMjIuMDYyIEMxNC45NzMsMjIuMDYyIDEzLjcyOCwyMS4zNzkgMTMuMzAyLDIwLjU3MiBDMTMuMzAyLDIwLjU3MiAxMi42NDcsMjMuMDUgMTIuNDg4LDIzLjY1NyBDMTIuMTkzLDI0Ljc4NCAxMS4zOTYsMjYuMTk2IDEwLjg2MywyNy4wNTggQzEyLjA4NiwyNy40MzQgMTMuMzg2LDI3LjYzNyAxNC43MzMsMjcuNjM3IEMyMS45NSwyNy42MzcgMjcuODAxLDIxLjgyOCAyNy44MDEsMTQuNjYyIEMyNy44MDEsNy40OTUgMjEuOTUsMS42ODYgMTQuNzMzLDEuNjg2IiBmaWxsPSIjYmQwODFjIj48L3BhdGg+PC9nPjwvc3ZnPg==') no-repeat scroll 3px 50% \/ 14px 14px; position: absolute; opacity: 1; z-index: 8675309; display: none; cursor: pointer;\">Save<\/span><\/p>\n","protected":false},"featured_media":38124,"comment_status":"closed","ping_status":"closed","template":"","meta":[],"_links":{"self":[{"href":"https:\/\/www.xcelsiorselection.com\/lv\/wp-json\/wp\/v2\/product\/37951\/"}],"collection":[{"href":"https:\/\/www.xcelsiorselection.com\/lv\/wp-json\/wp\/v2\/product\/"}],"about":[{"href":"https:\/\/www.xcelsiorselection.com\/lv\/wp-json\/wp\/v2\/types\/product\/"}],"replies":[{"embeddable":true,"href":"https:\/\/www.xcelsiorselection.com\/lv\/wp-json\/wp\/v2\/comments\/?post=37951"}],"wp:featuredmedia":[{"embeddable":true,"href":"https:\/\/www.xcelsiorselection.com\/lv\/wp-json\/wp\/v2\/media\/38124\/"}],"wp:attachment":[{"href":"https:\/\/www.xcelsiorselection.com\/lv\/wp-json\/wp\/v2\/media\/?parent=37951"}],"curies":[{"name":"wp","href":"https:\/\/api.w.org\/{rel}","templated":true}]}}