

{"id":3870,"date":"2014-10-06T11:01:21","date_gmt":"2014-10-06T09:01:21","guid":{"rendered":"http:\/\/www.xcelsiorselection.com\/product\/flock-of-butterflies-clock-2\/"},"modified":"2015-04-23T17:38:32","modified_gmt":"2015-04-23T15:38:32","slug":"flock-of-butterflies-clock","status":"publish","type":"product","link":"https:\/\/www.xcelsiorselection.com\/lv\/product\/flock-of-butterflies-clock\/","title":{"rendered":"Flock of Butterflies clock"},"content":{"rendered":"<p>Pulkstenis &#8211; Tauri\u0146u pulks tiek ra\u017eots sadarb\u012bb\u0101 ar Vitru, p\u0113c 1955.gad\u0101 George Nelson rad\u012bt\u0101 ori\u0123in\u0101l\u0101 dizaina. L\u012bdz\u012bgi k\u0101 p\u0101r\u0113jie \u0161\u012b dizainera pulkste\u0146i, ar\u012b \u0161is tika rad\u012bts period\u0101, kad cilv\u0113ki alka p\u0113c modern\u0101m liet\u0101m un fut\u016brisma. Pag\u0101ju\u0161\u0101 gadsimta vid\u016b rad\u012btais pulkstenis nu jau k\u013cuvis par modern\u0101 dizaina ikonu.<\/p>\n<p>&nbsp;<\/p>\n","protected":false},"excerpt":{"rendered":"<p>Ra\u017eot\u0101js: Vitra<br \/>\nDizains: George Nelson, 1948-1960<br \/>\nIzm\u0113rs: \u00d8 61 cm<br \/>\nKr\u0101sa: met\u0101la<br \/>\nMateri\u0101ls: alum\u012bnijs<\/p>\n","protected":false},"featured_media":12247,"comment_status":"closed","ping_status":"closed","template":"","meta":[],"_links":{"self":[{"href":"https:\/\/www.xcelsiorselection.com\/lv\/wp-json\/wp\/v2\/product\/3870\/"}],"collection":[{"href":"https:\/\/www.xcelsiorselection.com\/lv\/wp-json\/wp\/v2\/product\/"}],"about":[{"href":"https:\/\/www.xcelsiorselection.com\/lv\/wp-json\/wp\/v2\/types\/product\/"}],"replies":[{"embeddable":true,"href":"https:\/\/www.xcelsiorselection.com\/lv\/wp-json\/wp\/v2\/comments\/?post=3870"}],"wp:featuredmedia":[{"embeddable":true,"href":"https:\/\/www.xcelsiorselection.com\/lv\/wp-json\/wp\/v2\/media\/12247\/"}],"wp:attachment":[{"href":"https:\/\/www.xcelsiorselection.com\/lv\/wp-json\/wp\/v2\/media\/?parent=3870"}],"curies":[{"name":"wp","href":"https:\/\/api.w.org\/{rel}","templated":true}]}}