

{"id":3877,"date":"2014-10-06T11:09:58","date_gmt":"2014-10-06T09:09:58","guid":{"rendered":"http:\/\/www.xcelsiorselection.com\/product\/sunburst-clock-red-2\/"},"modified":"2015-04-22T21:13:38","modified_gmt":"2015-04-22T19:13:38","slug":"sunburst-clock-red","status":"publish","type":"product","link":"https:\/\/www.xcelsiorselection.com\/lv\/product\/sunburst-clock-red\/","title":{"rendered":"Sunburst pulkstenis"},"content":{"rendered":"<p>\u0160is, George Nelson rad\u012btais pulkstenis pie\u0161\u0137ir jaunu noz\u012bmi spo\u017eiem saules stariem. Pulkstenis dizains ir dro\u0161s un rota\u013c\u012bgs, da\u017e\u0101d\u0101s kr\u0101s\u0101s pieejams. Lai ar\u012b izskat\u0101s, ka pulkstenis rad\u012bts sal\u012bdzino\u0161i nesen, paties\u012bb\u0101 t\u0101 dizains tapis jau vair\u0101k k\u0101 50 gadus atpaka\u013c. Pulkstenis k\u013cuvis par dizaina ikonu un tas noteikti atsvaidzin\u0101s jebkuru interjeru.<br \/>\nMateri\u0101ls: koks ar met\u0101lu.<\/p>\n","protected":false},"excerpt":{"rendered":"<p>Ra\u017eot\u0101js: Vitra<br \/>\nDizains: George Nelson, 1948-1960<br \/>\nKr\u0101sa: daudzkr\u0101saina, sarkana, riekstkoka, melna<br \/>\nIzm\u0113rs: \u00d8 47 cm<\/p>\n","protected":false},"featured_media":12148,"comment_status":"closed","ping_status":"closed","template":"","meta":[],"_links":{"self":[{"href":"https:\/\/www.xcelsiorselection.com\/lv\/wp-json\/wp\/v2\/product\/3877\/"}],"collection":[{"href":"https:\/\/www.xcelsiorselection.com\/lv\/wp-json\/wp\/v2\/product\/"}],"about":[{"href":"https:\/\/www.xcelsiorselection.com\/lv\/wp-json\/wp\/v2\/types\/product\/"}],"replies":[{"embeddable":true,"href":"https:\/\/www.xcelsiorselection.com\/lv\/wp-json\/wp\/v2\/comments\/?post=3877"}],"wp:featuredmedia":[{"embeddable":true,"href":"https:\/\/www.xcelsiorselection.com\/lv\/wp-json\/wp\/v2\/media\/12148\/"}],"wp:attachment":[{"href":"https:\/\/www.xcelsiorselection.com\/lv\/wp-json\/wp\/v2\/media\/?parent=3877"}],"curies":[{"name":"wp","href":"https:\/\/api.w.org\/{rel}","templated":true}]}}