

{"id":3925,"date":"2014-10-06T11:28:44","date_gmt":"2014-10-06T09:28:44","guid":{"rendered":"http:\/\/www.xcelsiorselection.com\/product\/vegetal-2\/"},"modified":"2015-04-24T10:50:56","modified_gmt":"2015-04-24T08:50:56","slug":"vegetal","status":"publish","type":"product","link":"https:\/\/www.xcelsiorselection.com\/lv\/product\/vegetal\/","title":{"rendered":"Vegetal"},"content":{"rendered":"<p>Iedvesmots njo 20.gadsimta v\u0113sturiskajiem d\u0101rziem, kr\u0113sls Vegetal ir l\u012bdz\u012bgs augu mot\u012bviem, kas to padara gan par funkcion\u0101lu, gan organisku dizainu. Ra\u017eots no kr\u0101sota poliam\u012bda, tad b\u016bs piem\u0113rots gan iek\u0161telp\u0101m, gan \u0101rtelp\u0101m, turkl\u0101t, tos var viegli savietot vienu uz otra, lai tie aiz\u0146em maz\u0101k vietas, kad netiek izmantoti.<\/p>\n","protected":false},"excerpt":{"rendered":"<p>Ra\u017eot\u0101js: Vitra<br \/>\nDizains: Ronan &amp; Erwan Bouroullec, 2008<br \/>\nKr\u0101sa: melna, zemes pel\u0113ka, \u0137ie\u0123e\u013cu, kr\u0113ma, \u0161okol\u0101des, za\u013ca<br \/>\nIzm\u0113rs: 61x55x81 cm<br \/>\nMateri\u0101ls: poliam\u012bds<br \/>\nPiem\u0113rots \u0101ra telp\u0101m<\/p>\n","protected":false},"featured_media":12484,"comment_status":"closed","ping_status":"closed","template":"","meta":[],"_links":{"self":[{"href":"https:\/\/www.xcelsiorselection.com\/lv\/wp-json\/wp\/v2\/product\/3925\/"}],"collection":[{"href":"https:\/\/www.xcelsiorselection.com\/lv\/wp-json\/wp\/v2\/product\/"}],"about":[{"href":"https:\/\/www.xcelsiorselection.com\/lv\/wp-json\/wp\/v2\/types\/product\/"}],"replies":[{"embeddable":true,"href":"https:\/\/www.xcelsiorselection.com\/lv\/wp-json\/wp\/v2\/comments\/?post=3925"}],"wp:featuredmedia":[{"embeddable":true,"href":"https:\/\/www.xcelsiorselection.com\/lv\/wp-json\/wp\/v2\/media\/12484\/"}],"wp:attachment":[{"href":"https:\/\/www.xcelsiorselection.com\/lv\/wp-json\/wp\/v2\/media\/?parent=3925"}],"curies":[{"name":"wp","href":"https:\/\/api.w.org\/{rel}","templated":true}]}}