

{"id":41785,"date":"2017-05-23T20:21:22","date_gmt":"2017-05-23T18:21:22","guid":{"rendered":"http:\/\/www.xcelsiorselection.com\/product\/colour-vase-xl-2\/"},"modified":"2023-07-03T14:05:19","modified_gmt":"2023-07-03T12:05:19","slug":"colour-vase-xl","status":"publish","type":"product","link":"https:\/\/www.xcelsiorselection.com\/lv\/product\/colour-vase-xl\/","title":{"rendered":"Kr\u0101saina v\u0101ze XL"},"content":{"rendered":"<p>Izliektas formas un smalkas l\u012bnijas ar maigu kr\u0101sas akcentu pie\u0161\u0137ir <em>Scholten &amp; Baijings<\/em>\u2019 rad\u012btajam dizainam m\u016bsdien\u012bgu izskatu. Stikla v\u0101zes pieejamas da\u017e\u0101d\u0101s kr\u0101s\u0101s un izm\u0113ros, lai par tiem uzzin\u0101tu vair\u0101k, l\u016bdzu, sazinieties ar mums!<br \/>\nHAY dibin\u0101ts 2002.gad\u0101 un nu jau tas k\u013cuvis par vienu no atpaz\u012bstam\u0101kajiem D\u0101nijas z\u012bmoliem, kas izce\u013cas ar modenu dizainu un pieejamu cenu. HAY m\u0113beles apvieno pag\u0101ju\u0161\u0101 gadsimta stilu un inov\u0101cijas m\u016bsdienu vari\u0101cij\u0101s.<\/p>\n","protected":false},"excerpt":{"rendered":"<p><img loading=\"lazy\" decoding=\"async\" src=\"http:\/\/www.xcelsiorselection.com\/wp-content\/uploads\/2016\/02\/Hay-logo-new1.jpg\" alt=\"Hay logo new\" width=\"138\" height=\"53\" \/><\/p>\n<p>Ra\u017eot\u0101js: HAY<br \/>\nMateri\u0101ls: ar roku p\u016bsts stikls<br \/>\nIzm\u0113rs: \u00d813 x 27,5 cm<br \/>\nKr\u0101sa: caursp\u012bd\u012bga<\/p>\n<p><span style=\"border-radius: 2px; text-indent: 20px; width: auto; padding: 0px 4px 0px 0px; text-align: center; font: bold 11px\/20px 'Helvetica Neue',Helvetica,sans-serif; color: #ffffff; background: #bd081c  no-repeat scroll 3px 50% \/ 14px 14px; position: absolute; opacity: 1; z-index: 8675309; display: none; cursor: pointer;\">Save<\/span><\/p>\n<p><span style=\"border-radius: 2px; text-indent: 20px; width: auto; padding: 0px 4px 0px 0px; text-align: center; font: bold 11px\/20px 'Helvetica Neue',Helvetica,sans-serif; color: #ffffff; background: #bd081c  no-repeat scroll 3px 50% \/ 14px 14px; position: absolute; opacity: 1; z-index: 8675309; display: none; cursor: pointer;\">Save<\/span><\/p>\n<p><span style=\"border-radius: 2px; text-indent: 20px; width: auto; padding: 0px 4px 0px 0px; text-align: center; font: bold 11px\/20px 'Helvetica Neue',Helvetica,sans-serif; color: #ffffff; background: #bd081c  no-repeat scroll 3px 50% \/ 14px 14px; position: absolute; opacity: 1; z-index: 8675309; display: none; cursor: pointer;\">Save<\/span><\/p>\n<p><span style=\"border-radius: 2px; text-indent: 20px; width: auto; padding: 0px 4px 0px 0px; text-align: center; font: bold 11px\/20px 'Helvetica Neue',Helvetica,sans-serif; color: #ffffff; background: #bd081c  no-repeat scroll 3px 50% \/ 14px 14px; position: absolute; opacity: 1; z-index: 8675309; display: none; cursor: pointer;\">Save<\/span><\/p>\n","protected":false},"featured_media":93913,"comment_status":"closed","ping_status":"closed","template":"","meta":[],"_links":{"self":[{"href":"https:\/\/www.xcelsiorselection.com\/lv\/wp-json\/wp\/v2\/product\/41785\/"}],"collection":[{"href":"https:\/\/www.xcelsiorselection.com\/lv\/wp-json\/wp\/v2\/product\/"}],"about":[{"href":"https:\/\/www.xcelsiorselection.com\/lv\/wp-json\/wp\/v2\/types\/product\/"}],"replies":[{"embeddable":true,"href":"https:\/\/www.xcelsiorselection.com\/lv\/wp-json\/wp\/v2\/comments\/?post=41785"}],"wp:featuredmedia":[{"embeddable":true,"href":"https:\/\/www.xcelsiorselection.com\/lv\/wp-json\/wp\/v2\/media\/93913\/"}],"wp:attachment":[{"href":"https:\/\/www.xcelsiorselection.com\/lv\/wp-json\/wp\/v2\/media\/?parent=41785"}],"curies":[{"name":"wp","href":"https:\/\/api.w.org\/{rel}","templated":true}]}}