

{"id":4216,"date":"2014-10-17T15:24:55","date_gmt":"2014-10-17T13:24:55","guid":{"rendered":"http:\/\/www.xcelsiorselection.com\/product\/hang-it-all-2\/"},"modified":"2017-07-12T17:29:44","modified_gmt":"2017-07-12T15:29:44","slug":"hang-it-all","status":"publish","type":"product","link":"https:\/\/www.xcelsiorselection.com\/lv\/product\/hang-it-all\/","title":{"rendered":"Hang it all dr\u0113bju pakaramais"},"content":{"rendered":"","protected":false},"excerpt":{"rendered":"<p>Ra\u017eot\u0101js: Vitra<br \/>\nDizains: Charles &amp; Ray Eames, 1953<br \/>\nIzm\u0113rs: 50,5 x 17x 37 cm<br \/>\nKr\u0101sa: daudzkr\u0101saina, za\u013ca, sarkana, balta, \u0161okol\u0101des, melna<br \/>\nMateri\u0101ls: t\u0113rauds, kr\u0101sots koks<\/p>\n","protected":false},"featured_media":4204,"comment_status":"closed","ping_status":"closed","template":"","meta":[],"_links":{"self":[{"href":"https:\/\/www.xcelsiorselection.com\/lv\/wp-json\/wp\/v2\/product\/4216\/"}],"collection":[{"href":"https:\/\/www.xcelsiorselection.com\/lv\/wp-json\/wp\/v2\/product\/"}],"about":[{"href":"https:\/\/www.xcelsiorselection.com\/lv\/wp-json\/wp\/v2\/types\/product\/"}],"replies":[{"embeddable":true,"href":"https:\/\/www.xcelsiorselection.com\/lv\/wp-json\/wp\/v2\/comments\/?post=4216"}],"wp:featuredmedia":[{"embeddable":true,"href":"https:\/\/www.xcelsiorselection.com\/lv\/wp-json\/wp\/v2\/media\/4204\/"}],"wp:attachment":[{"href":"https:\/\/www.xcelsiorselection.com\/lv\/wp-json\/wp\/v2\/media\/?parent=4216"}],"curies":[{"name":"wp","href":"https:\/\/api.w.org\/{rel}","templated":true}]}}