

{"id":4300,"date":"2014-10-17T16:22:26","date_gmt":"2014-10-17T14:22:26","guid":{"rendered":"http:\/\/www.xcelsiorselection.com\/product\/corniches-small-2\/"},"modified":"2015-04-24T15:37:51","modified_gmt":"2015-04-24T13:37:51","slug":"corniches-small","status":"publish","type":"product","link":"https:\/\/www.xcelsiorselection.com\/lv\/product\/corniches-small\/","title":{"rendered":"Corniches (mazais plaukts)"},"content":{"rendered":"","protected":false},"excerpt":{"rendered":"<p>Plaukts<br \/>\nRa\u017eot\u0101js: Vitra<br \/>\nDizains: Ronan &amp; Erwan Bouroullec, 2012<br \/>\nIzm\u0113rs: 21 x 14,4 x 11,6 cm<br \/>\nKr\u0101sa: balta, melna, sarkana, oran\u017ea, tum\u0161i pel\u0113ka, hak\u012b<br \/>\nMateri\u0101ls: ASA plastmasa<\/p>\n","protected":false},"featured_media":4258,"comment_status":"closed","ping_status":"closed","template":"","meta":[],"_links":{"self":[{"href":"https:\/\/www.xcelsiorselection.com\/lv\/wp-json\/wp\/v2\/product\/4300\/"}],"collection":[{"href":"https:\/\/www.xcelsiorselection.com\/lv\/wp-json\/wp\/v2\/product\/"}],"about":[{"href":"https:\/\/www.xcelsiorselection.com\/lv\/wp-json\/wp\/v2\/types\/product\/"}],"replies":[{"embeddable":true,"href":"https:\/\/www.xcelsiorselection.com\/lv\/wp-json\/wp\/v2\/comments\/?post=4300"}],"wp:featuredmedia":[{"embeddable":true,"href":"https:\/\/www.xcelsiorselection.com\/lv\/wp-json\/wp\/v2\/media\/4258\/"}],"wp:attachment":[{"href":"https:\/\/www.xcelsiorselection.com\/lv\/wp-json\/wp\/v2\/media\/?parent=4300"}],"curies":[{"name":"wp","href":"https:\/\/api.w.org\/{rel}","templated":true}]}}