

{"id":4354,"date":"2014-10-17T17:17:45","date_gmt":"2014-10-17T15:17:45","guid":{"rendered":"http:\/\/www.xcelsiorselection.com\/product\/corniches-large-2\/"},"modified":"2015-04-24T15:58:33","modified_gmt":"2015-04-24T13:58:33","slug":"corniches-large","status":"publish","type":"product","link":"https:\/\/www.xcelsiorselection.com\/lv\/product\/corniches-large\/","title":{"rendered":"Corniches (lielais plaukts)"},"content":{"rendered":"","protected":false},"excerpt":{"rendered":"<p>Ra\u017eot\u0101js: Vitra<br \/>\nDizains: Ronan &amp; Erwan Bouroullec, 2012<br \/>\nIzm\u0113rs: 45,5 x 21,9 x 8,6 cm<br \/>\nKr\u0101sa: balta, melna, sarkana, oran\u017ea, tum\u0161i pel\u0113ka, hak\u012b<br \/>\nMateri\u0101ls: ASA plastmasa, sp\u012bd\u012bga virsma<\/p>\n","protected":false},"featured_media":4338,"comment_status":"closed","ping_status":"closed","template":"","meta":[],"_links":{"self":[{"href":"https:\/\/www.xcelsiorselection.com\/lv\/wp-json\/wp\/v2\/product\/4354\/"}],"collection":[{"href":"https:\/\/www.xcelsiorselection.com\/lv\/wp-json\/wp\/v2\/product\/"}],"about":[{"href":"https:\/\/www.xcelsiorselection.com\/lv\/wp-json\/wp\/v2\/types\/product\/"}],"replies":[{"embeddable":true,"href":"https:\/\/www.xcelsiorselection.com\/lv\/wp-json\/wp\/v2\/comments\/?post=4354"}],"wp:featuredmedia":[{"embeddable":true,"href":"https:\/\/www.xcelsiorselection.com\/lv\/wp-json\/wp\/v2\/media\/4338\/"}],"wp:attachment":[{"href":"https:\/\/www.xcelsiorselection.com\/lv\/wp-json\/wp\/v2\/media\/?parent=4354"}],"curies":[{"name":"wp","href":"https:\/\/api.w.org\/{rel}","templated":true}]}}