

{"id":44012,"date":"2017-07-26T12:26:43","date_gmt":"2017-07-26T10:26:43","guid":{"rendered":"http:\/\/www.xcelsiorselection.com\/product\/serena-2\/"},"modified":"2023-12-28T17:08:03","modified_gmt":"2023-12-28T15:08:03","slug":"serena","status":"publish","type":"product","link":"https:\/\/www.xcelsiorselection.com\/lv\/product\/serena\/","title":{"rendered":"Serena"},"content":{"rendered":"<p>No dabas pasaules iedvesmota, lampa Serena, ko rad\u012bjusi dizainere <a>Patricia Urquiola<\/a>. Dif\u016bzeri ir rota\u013c\u012bgi un pieejami glanc\u0113t\u0101s kr\u0101s\u0101s, to poz\u012bciju iesp\u0113jams main\u012bt.<\/p>\n","protected":false},"excerpt":{"rendered":"<p><img loading=\"lazy\" decoding=\"async\" src=\"http:\/\/www.xcelsiorselection.com\/wp-content\/uploads\/2014\/05\/Flos.jpg\" alt=\"Flos\" width=\"100\" height=\"41\" \/><\/p>\n<p>Ra\u017eot\u0101js: Flos<br \/>\nDizains: Patricija Urquiola, 2015<br \/>\nMateri\u0101ls: alum\u012bnijs, polikarbon\u0101ts<br \/>\nJauda: 13W + Dimmer<br \/>\nKr\u0101sas: var\u0161, alum\u012bnijs, melns<\/p>\n<p><span style=\"border-radius: 2px; text-indent: 20px; width: auto; padding: 0px 4px 0px 0px; text-align: center; font: bold 11px\/20px 'Helvetica Neue',Helvetica,sans-serif; color: #ffffff; background: #bd081c  no-repeat scroll 3px 50% \/ 14px 14px; position: absolute; opacity: 1; z-index: 8675309; display: none; cursor: pointer;\">Save<\/span><\/p>\n<p><span style=\"border-radius: 2px; text-indent: 20px; width: auto; padding: 0px 4px 0px 0px; text-align: center; font: bold 11px\/20px 'Helvetica Neue',Helvetica,sans-serif; color: #ffffff; background: #bd081c  no-repeat scroll 3px 50% \/ 14px 14px; position: absolute; opacity: 1; z-index: 8675309; display: none; cursor: pointer;\">Save<\/span><\/p>\n<p><span style=\"border-radius: 2px; text-indent: 20px; width: auto; padding: 0px 4px 0px 0px; text-align: center; font: bold 11px\/20px 'Helvetica Neue',Helvetica,sans-serif; color: #ffffff; background: #bd081c  no-repeat scroll 3px 50% \/ 14px 14px; position: absolute; opacity: 1; z-index: 8675309; display: none; cursor: pointer;\">Save<\/span><\/p>\n","protected":false},"featured_media":43985,"comment_status":"closed","ping_status":"closed","template":"","meta":[],"_links":{"self":[{"href":"https:\/\/www.xcelsiorselection.com\/lv\/wp-json\/wp\/v2\/product\/44012\/"}],"collection":[{"href":"https:\/\/www.xcelsiorselection.com\/lv\/wp-json\/wp\/v2\/product\/"}],"about":[{"href":"https:\/\/www.xcelsiorselection.com\/lv\/wp-json\/wp\/v2\/types\/product\/"}],"replies":[{"embeddable":true,"href":"https:\/\/www.xcelsiorselection.com\/lv\/wp-json\/wp\/v2\/comments\/?post=44012"}],"wp:featuredmedia":[{"embeddable":true,"href":"https:\/\/www.xcelsiorselection.com\/lv\/wp-json\/wp\/v2\/media\/43985\/"}],"wp:attachment":[{"href":"https:\/\/www.xcelsiorselection.com\/lv\/wp-json\/wp\/v2\/media\/?parent=44012"}],"curies":[{"name":"wp","href":"https:\/\/api.w.org\/{rel}","templated":true}]}}