

{"id":45390,"date":"2017-09-17T22:07:43","date_gmt":"2017-09-17T20:07:43","guid":{"rendered":"http:\/\/www.xcelsiorselection.com\/product\/sunflower-clock-2\/"},"modified":"2017-09-17T22:19:32","modified_gmt":"2017-09-17T20:19:32","slug":"sunflower-clock","status":"publish","type":"product","link":"https:\/\/www.xcelsiorselection.com\/lv\/product\/sunflower-clock\/","title":{"rendered":"Pulkstenis Sunflower"},"content":{"rendered":"<p>Komp\u0101nija Vitra arvien pied\u0101v\u0101 klasiskus dizaina objekuts, kas sevi pier\u0101d\u012bju\u0161i ar laika gait\u0101 nez\u016bdo\u0161\u0101m v\u0113rt\u012bb\u0101m.<br \/>\nStarp tiem ar\u012b D\u017eord\u017ea Nelsona pulkste\u0146i un citi interjera objekti. Nelsona 50-to un 60-to gadu dizaina objektiem piem\u012bt sp\u0113c\u012bgs \u0161\u012b laika raksturs, ko labi var kombin\u0113t ar m\u016bsdienu dizainu, padarot to kr\u0101\u0161\u0146\u0101ku.<br \/>\nPulkste\u0146i Sunflower, jeb saulespu\u0137e pieejami div\u0101s da\u017e\u0101d\u0101s kr\u0101s\u0101s.<\/p>\n","protected":false},"excerpt":{"rendered":"<p><img loading=\"lazy\" decoding=\"async\" alt=\"vitra\" src=\"http:\/\/www.xcelsiorselection.com\/wp-content\/uploads\/2016\/02\/vitra.jpg\" width=\"133\" height=\"43\" \/><\/p>\n<p>Ra\u017eot\u0101js: Vitra<br \/>\nDizaineris: George Nelson, 1948-1960<br \/>\nMateri\u0101ls: b\u0113rzs, osis \/ misi\u0146\u0161<br \/>\nKr\u0101sa: dab\u012bga (b\u0113rza), melna<br \/>\naugstas kvalit\u0101tes kvarca pulkste\u0146u meh\u0101nisms<br \/>\nIzm\u0113rs: \u00d8 75 cm<\/p>\n","protected":false},"featured_media":45374,"comment_status":"closed","ping_status":"closed","template":"","meta":[],"_links":{"self":[{"href":"https:\/\/www.xcelsiorselection.com\/lv\/wp-json\/wp\/v2\/product\/45390\/"}],"collection":[{"href":"https:\/\/www.xcelsiorselection.com\/lv\/wp-json\/wp\/v2\/product\/"}],"about":[{"href":"https:\/\/www.xcelsiorselection.com\/lv\/wp-json\/wp\/v2\/types\/product\/"}],"replies":[{"embeddable":true,"href":"https:\/\/www.xcelsiorselection.com\/lv\/wp-json\/wp\/v2\/comments\/?post=45390"}],"wp:featuredmedia":[{"embeddable":true,"href":"https:\/\/www.xcelsiorselection.com\/lv\/wp-json\/wp\/v2\/media\/45374\/"}],"wp:attachment":[{"href":"https:\/\/www.xcelsiorselection.com\/lv\/wp-json\/wp\/v2\/media\/?parent=45390"}],"curies":[{"name":"wp","href":"https:\/\/api.w.org\/{rel}","templated":true}]}}