

{"id":4556,"date":"2014-10-24T15:22:26","date_gmt":"2014-10-24T13:22:26","guid":{"rendered":"http:\/\/www.xcelsiorselection.com\/product\/bird-bery-crib-2\/"},"modified":"2014-10-24T15:30:58","modified_gmt":"2014-10-24T13:30:58","slug":"bird-bery-crib","status":"publish","type":"product","link":"https:\/\/www.xcelsiorselection.com\/lv\/product\/bird-bery-crib\/","title":{"rendered":"Bird &#038; bery gulti\u0146a"},"content":{"rendered":"","protected":false},"excerpt":{"rendered":"<p>Dizains: Kukuu.<br \/>\nIzm\u0113rs: 137 x 74 x 93 cm.<br \/>\nMateri\u0101ls: b\u0113rza finieris un mdf.<br \/>\nKomplekt\u0101 n\u0101k matracis.<br \/>\nMatracis izgatavots no dab\u012bgas anti bakteri\u0101las \u0161\u0137iedras, matra\u010da p\u0101rvalks izgatavots no 100% kokvilnas. P\u0101rvalku var mazg\u0101t 30\u00b0.<br \/>\nGulti\u0146ai ir divas augstuma poz\u012bcijas.<br \/>\nKr\u0101sa: piena balta, piln\u012bb\u0101 balta, kakao.<\/p>\n","protected":false},"featured_media":44695,"comment_status":"closed","ping_status":"closed","template":"","meta":[],"_links":{"self":[{"href":"https:\/\/www.xcelsiorselection.com\/lv\/wp-json\/wp\/v2\/product\/4556\/"}],"collection":[{"href":"https:\/\/www.xcelsiorselection.com\/lv\/wp-json\/wp\/v2\/product\/"}],"about":[{"href":"https:\/\/www.xcelsiorselection.com\/lv\/wp-json\/wp\/v2\/types\/product\/"}],"replies":[{"embeddable":true,"href":"https:\/\/www.xcelsiorselection.com\/lv\/wp-json\/wp\/v2\/comments\/?post=4556"}],"wp:featuredmedia":[{"embeddable":true,"href":"https:\/\/www.xcelsiorselection.com\/lv\/wp-json\/wp\/v2\/media\/44695\/"}],"wp:attachment":[{"href":"https:\/\/www.xcelsiorselection.com\/lv\/wp-json\/wp\/v2\/media\/?parent=4556"}],"curies":[{"name":"wp","href":"https:\/\/api.w.org\/{rel}","templated":true}]}}